{"id":469,"date":"2024-03-29T09:31:34","date_gmt":"2024-03-29T07:31:34","guid":{"rendered":"https:\/\/minetour.eu\/e-learning\/"},"modified":"2025-07-30T12:17:30","modified_gmt":"2025-07-30T10:17:30","slug":"e-learning","status":"publish","type":"page","link":"https:\/\/minetour.eu\/ro\/e-learning\/","title":{"rendered":"E-Learning"},"content":{"rendered":"<hr>\n<div>\n<div>Consor\u021biul de proiect a dezvoltat un compendiu de resurse de \u00eenv\u0103\u021bare \u0219i activit\u0103\u021bi care se concentreaz\u0103 pe implicarea civic\u0103 \u0219i alfabetizarea digital\u0103 \u00een r\u00e2ndul tinerilor. Folosind instrumente precum Harta interactiv\u0103, participan\u021bii sunt \u00eendruma\u021bi \u00een promovarea turismului local. Ini\u021biativa integreaz\u0103 \u00een mod strategic practicile de turism durabil folosind jocul Minecraft, av\u00e2nd ca scop stimularea cre\u0219terii economice \u0219i a dezvolt\u0103rii comunit\u0103\u021bii \u00een zonele rurale, \u00eembun\u0103t\u0103\u021bind \u00een acela\u0219i timp \u00een mod activ abilit\u0103\u021bile digitale \u00een regiunile cu acces limitat, contribuind astfel la bun\u0103starea social\u0103 \u0219i economic\u0103 a comunit\u0103\u021bilor rurale.<\/div>\n<p><a href=\"https:\/\/minetour.erasmusplus.space\/\">Vizita\u021bi platforma<\/a><\/p>\n<\/div>\n<p><!--more--><br \/>\n<!-- {\"type\":\"layout\",\"children\":[{\"type\":\"section\",\"props\":{\"animation\":\"slide-bottom-medium\",\"animation_delay\":\"100\",\"header_transparent\":false,\"height\":\"viewport\",\"height_viewport\":100,\"image_position\":\"bottom-center\",\"media_focal_point\":\"bottom-center\",\"style\":\"default\",\"title_breakpoint\":\"xl\",\"title_position\":\"top-left\",\"title_rotation\":\"left\",\"vertical_align\":\"\",\"width\":\"default\"},\"children\":[{\"type\":\"row\",\"children\":[{\"type\":\"column\",\"props\":{\"image_position\":\"center-center\",\"position_sticky_breakpoint\":\"m\"},\"children\":[{\"type\":\"headline\",\"props\":{\"animation\":\"slide-left-medium\",\"block_align_breakpoint\":\"l\",\"block_align_fallback\":\"center\",\"class\":\"th--page-headings\",\"id\":\"th--heading-elearning\",\"maxwidth\":\"xlarge\",\"maxwidth_breakpoint\":\"l\",\"title_color\":\"success\",\"title_element\":\"h1\",\"title_style\":\"heading-small\"},\"source\":{\"query\":{\"name\":\"pages.singlePage\"},\"props\":{\"content\":{\"filters\":{\"search\":\"\"},\"name\":\"title\"}}}},{\"type\":\"divider\",\"props\":{\"class\":\"uk-invisible\",\"divider_element\":\"hr\"}}]}]},{\"type\":\"row\",\"props\":{\"alignment\":\"left\",\"width\":\"small\"},\"children\":[{\"type\":\"column\",\"props\":{\"image_position\":\"center-center\",\"position_sticky_breakpoint\":\"m\"},\"children\":[{\"type\":\"panel\",\"props\":{\"content\":\"Consor\\u021biul de proiect a dezvoltat un compendiu de resurse de \\u00eenv\\u0103\\u021bare \\u0219i activit\\u0103\\u021bi care se concentreaz\\u0103 pe implicarea civic\\u0103 \\u0219i alfabetizarea digital\\u0103 \\u00een r\\u00e2ndul tinerilor. Folosind instrumente precum Harta interactiv\\u0103, participan\\u021bii sunt \\u00eendruma\\u021bi \\u00een promovarea turismului local. Ini\\u021biativa integreaz\\u0103 \\u00een mod strategic practicile de turism durabil folosind jocul Minecraft, av\\u00e2nd ca scop stimularea cre\\u0219terii economice \\u0219i a dezvolt\\u0103rii comunit\\u0103\\u021bii \\u00een zonele rurale, \\u00eembun\\u0103t\\u0103\\u021bind \\u00een acela\\u0219i timp \\u00een mod activ abilit\\u0103\\u021bile digitale \\u00een regiunile cu acces limitat, contribuind astfel la bun\\u0103starea social\\u0103 \\u0219i economic\\u0103 a comunit\\u0103\\u021bilor rurale.\",\"content_column_breakpoint\":\"m\",\"icon_width\":80,\"image_align\":\"top\",\"image_grid_breakpoint\":\"m\",\"image_grid_width\":\"1-2\",\"image_svg_color\":\"emphasis\",\"link\":\"https:\\\/\\\/minetour.erasmusplus.space\\\/\",\"link_style\":\"secondary\",\"link_target\":true,\"link_text\":\"Vizita\\u021bi platforma\",\"margin\":\"default\",\"meta_align\":\"below-title\",\"meta_element\":\"div\",\"meta_style\":\"text-meta\",\"panel_padding\":\"small\",\"panel_style\":\"card-default\",\"title_align\":\"top\",\"title_element\":\"h3\",\"title_grid_breakpoint\":\"m\",\"title_grid_width\":\"1-2\",\"title_hover_style\":\"reset\"}}]}]}]}],\"version\":\"4.3.6\"} --><\/p>\n","protected":false},"excerpt":{"rendered":"<p>Consor\u021biul de proiect a dezvoltat un compendiu de resurse de \u00eenv\u0103\u021bare \u0219i activit\u0103\u021bi care se concentreaz\u0103 pe implicarea civic\u0103 \u0219i alfabetizarea digital\u0103 \u00een r\u00e2ndul tinerilor&#8230;<\/p>\n","protected":false},"author":1,"featured_media":0,"parent":0,"menu_order":0,"comment_status":"closed","ping_status":"closed","template":"","meta":{"_acf_changed":false,"inline_featured_image":false,"footnotes":""},"class_list":["post-469","page","type-page","status-publish","hentry"],"acf":[],"_links":{"self":[{"href":"https:\/\/minetour.eu\/ro\/wp-json\/wp\/v2\/pages\/469","targetHints":{"allow":["GET"]}}],"collection":[{"href":"https:\/\/minetour.eu\/ro\/wp-json\/wp\/v2\/pages"}],"about":[{"href":"https:\/\/minetour.eu\/ro\/wp-json\/wp\/v2\/types\/page"}],"author":[{"embeddable":true,"href":"https:\/\/minetour.eu\/ro\/wp-json\/wp\/v2\/users\/1"}],"replies":[{"embeddable":true,"href":"https:\/\/minetour.eu\/ro\/wp-json\/wp\/v2\/comments?post=469"}],"version-history":[{"count":2,"href":"https:\/\/minetour.eu\/ro\/wp-json\/wp\/v2\/pages\/469\/revisions"}],"predecessor-version":[{"id":914,"href":"https:\/\/minetour.eu\/ro\/wp-json\/wp\/v2\/pages\/469\/revisions\/914"}],"wp:attachment":[{"href":"https:\/\/minetour.eu\/ro\/wp-json\/wp\/v2\/media?parent=469"}],"curies":[{"name":"wp","href":"https:\/\/api.w.org\/{rel}","templated":true}]}}