{"id":461,"date":"2024-04-02T10:36:28","date_gmt":"2024-04-02T08:36:28","guid":{"rendered":"https:\/\/minetour.eu\/about\/"},"modified":"2025-08-04T10:59:51","modified_gmt":"2025-08-04T08:59:51","slug":"about","status":"publish","type":"page","link":"https:\/\/minetour.eu\/ro\/about\/","title":{"rendered":"Despre"},"content":{"rendered":"<hr>\n<div>\n<div>\n<p>Rata general\u0103 de participare a tinerilor la activit\u0103\u021bile de voluntariat \u00een Uniunea European\u0103 este de numai 16,8%, cu rate mai sc\u0103zute \u00een zonele rurale. Zonele rurale se confrunt\u0103 adesea cu oportunit\u0103\u021bi economice limitate, niveluri mai ridicate de s\u0103r\u0103cie \u0219i \u0219omaj \u00een compara\u021bie cu zonele urbane. \u00cen plus, ele posed\u0103 adesea o mo\u0219tenire cultural\u0103 unic\u0103, care risc\u0103 s\u0103 fie pierdut\u0103 sau uitat\u0103. Patrimoniul cultural este un bun valoros pentru dezvoltarea rural\u0103 \u0219i poate contribui la bun\u0103starea social\u0103 \u0219i economic\u0103.<\/p>\n<p>Exist\u0103 o nevoie puternic\u0103 de a sprijini dezvoltarea rural\u0103 prin turismul local \u0219i promovarea patrimoniului cultural pentru cre\u0219terea economic\u0103, crearea de locuri de munc\u0103 \u0219i dezvoltarea comunit\u0103\u021bii. \u00cembun\u0103t\u0103\u021birea competen\u021belor digitale, \u00een special \u00een zonele rurale cu acces limitat, este esen\u021bial\u0103, \u00eempreun\u0103 cu promovarea practicilor turistice durabile, care s\u0103 r\u0103spund\u0103 at\u00e2t nevoii de dezvoltare durabil\u0103 a turismului, c\u00e2t \u0219i de conservare a patrimoniului cultural.<\/p>\n<p><iframe loading=\"lazy\" width=\"100%\" height=\"315\" src=\"https:\/\/www.youtube.com\/embed\/1jqVwBVnyvw?si=idm-R4FZPyHHZlT-\" title=\"YouTube video player\" frameborder=\"0\" allow=\"accelerometer; autoplay; clipboard-write; encrypted-media; gyroscope; picture-in-picture; web-share\" referrerpolicy=\"strict-origin-when-cross-origin\" allowfullscreen><\/iframe><\/div>\n<\/div>\n<h1>Metodologie<\/h1>\n<hr>\n<div>\n<div>\n<p>MINEtour abordeaz\u0103 nevoia imperativ\u0103 de dezvoltare rural\u0103 concentr\u00e2ndu-se pe dou\u0103 aspecte cheie: \u00eembun\u0103t\u0103\u021birea competen\u021belor digitale \u00een r\u00e2ndul tinerilor \u0219i promovarea practicilor turistice durabile.<\/p>\n<p>Consor\u021biul de proiect a dezvoltat un compendiu de resurse de \u00eenv\u0103\u021bare \u0219i activit\u0103\u021bi care se concentreaz\u0103 pe implicarea civic\u0103 \u0219i alfabetizarea digital\u0103 \u00een r\u00e2ndul tinerilor. Folosind instrumente precum Harta interactiv\u0103, participan\u021bii sunt \u00eendruma\u021bi \u00een promovarea turismului local. Ini\u021biativa integreaz\u0103 \u00een mod strategic practicile de turism durabil folosind jocul Minecraft, av\u00e2nd ca scop stimularea cre\u0219terii economice \u0219i a dezvolt\u0103rii comunit\u0103\u021bii \u00een zonele rurale, \u00eembun\u0103t\u0103\u021bind \u00een acela\u0219i timp \u00een mod activ abilit\u0103\u021bile digitale \u00een regiunile cu acces limitat, contribuind astfel la bun\u0103starea social\u0103 \u0219i economic\u0103 a comunit\u0103\u021bilor rurale.<\/p>\n<\/div>\n<\/div>\n<h1>Rezultate<\/h1>\n<hr>\n<div>\n<div>\n<p><strong>(1) Un set de instrumente pentru tineri:<\/strong> un set de materiale modulare menite s\u0103 motiveze tinerii s\u0103 devin\u0103 activi, \u00eenv\u0103\u021b\u00e2nd cum s\u0103-\u0219i promoveze turistic ora\u0219ele natale folosind mijloace digitale.<\/p>\n<p><strong>(2) Tourism prin lumile Minecraft:<\/strong> Un joc care promoveaz\u0103 provoc\u0103ri despre diversitatea cultural\u0103 \u00een zonele rurale pentru a cre\u0219te sentimentul de respect \u0219i responsabilitate.<\/p>\n<p><strong>(3) Harta interactiv\u0103 MINEtour:<\/strong> O platform\u0103 pentru tineri pentru a-\u0219i crea propriile portofolii turistice electronice, promov\u00e2nd ora\u0219ul lor natal.<\/p>\n<\/div>\n<\/div>\n<h3>Obiective specifice<\/h3>\n<div>\n<div>\n<ul>\n<li>\u00cencurajarea tinerilor din zonele rurale s\u0103 participe la dezvoltarea \u0219i promovarea turismului local, devenind cet\u0103\u021beni activi m\u00e2ndri \u00een propriile ora\u0219e natale.<\/li>\n<li>Asigurarea instrumentelor digitale pentru promovarea \u0219i implicarea eficient\u0103 cu societatea civil\u0103.<\/li>\n<li>Furnizarea de resurse \u0219i re\u021bele necesare pentru a prezenta ora\u0219ele natale \u0219i pentru a promova turismul local.<\/li>\n<li>Promovarea schimburilor interculturale \u0219i a colabor\u0103rii \u00eentre tinerii din mediul rural din Europa.<\/li>\n<li>Cre\u0219terea gradului de con\u0219tientizare cu privire la practicile turistice durabile \u0219i responsabile din punct de vedere social.<\/li>\n<\/ul>\n<\/div>\n<\/div>\n<p><!--more--><br \/>\n<!-- {\"type\":\"layout\",\"children\":[{\"type\":\"section\",\"props\":{\"animation\":\"slide-bottom-medium\",\"animation_delay\":\"100\",\"header_transparent\":false,\"height\":\"section\",\"height_viewport\":100,\"id\":\"sectionOverview\",\"image_position\":\"bottom-center\",\"media_focal_point\":\"bottom-center\",\"style\":\"default\",\"title_breakpoint\":\"xl\",\"title_position\":\"top-left\",\"title_rotation\":\"left\",\"vertical_align\":\"\",\"width\":\"default\"},\"children\":[{\"type\":\"row\",\"children\":[{\"type\":\"column\",\"props\":{\"image_position\":\"center-center\",\"position_sticky_breakpoint\":\"m\"},\"children\":[{\"type\":\"headline\",\"props\":{\"animation\":\"slide-left-medium\",\"block_align_breakpoint\":\"l\",\"block_align_fallback\":\"center\",\"class\":\"th--page-headings\",\"id\":\"th--heading-overview\",\"maxwidth\":\"medium\",\"maxwidth_breakpoint\":\"l\",\"title_color\":\"success\",\"title_element\":\"h1\",\"title_style\":\"heading-small\"},\"source\":{\"query\":{\"name\":\"pages.singlePage\"},\"props\":{\"content\":{\"filters\":{\"search\":\"\"},\"name\":\"title\"}}}},{\"type\":\"divider\",\"props\":{\"class\":\"uk-invisible\",\"divider_element\":\"hr\"}}]}]},{\"type\":\"row\",\"props\":{\"alignment\":\"left\",\"width\":\"small\"},\"children\":[{\"type\":\"column\",\"props\":{\"image_position\":\"center-center\",\"position_sticky_breakpoint\":\"m\"},\"children\":[{\"type\":\"panel\",\"props\":{\"content\":\"\n\n<p>Rata general\\u0103 de participare a tinerilor la activit\\u0103\\u021bile de voluntariat \\u00een Uniunea European\\u0103 este de numai 16,8%, cu rate mai sc\\u0103zute \\u00een zonele rurale. Zonele rurale se confrunt\\u0103 adesea cu oportunit\\u0103\\u021bi economice limitate, niveluri mai ridicate de s\\u0103r\\u0103cie \\u0219i \\u0219omaj \\u00een compara\\u021bie cu zonele urbane. \\u00cen plus, ele posed\\u0103 adesea o mo\\u0219tenire cultural\\u0103 unic\\u0103, care risc\\u0103 s\\u0103 fie pierdut\\u0103 sau uitat\\u0103. Patrimoniul cultural este un bun valoros pentru dezvoltarea rural\\u0103 \\u0219i poate contribui la bun\\u0103starea social\\u0103 \\u0219i economic\\u0103.<\\\/p>\\n\\n\n\n<p>Exist\\u0103 o nevoie puternic\\u0103 de a sprijini dezvoltarea rural\\u0103 prin turismul local \\u0219i promovarea patrimoniului cultural pentru cre\\u0219terea economic\\u0103, crearea de locuri de munc\\u0103 \\u0219i dezvoltarea comunit\\u0103\\u021bii. \\u00cembun\\u0103t\\u0103\\u021birea competen\\u021belor digitale, \\u00een special \\u00een zonele rurale cu acces limitat, este esen\\u021bial\\u0103, \\u00eempreun\\u0103 cu promovarea practicilor turistice durabile, care s\\u0103 r\\u0103spund\\u0103 at\\u00e2t nevoii de dezvoltare durabil\\u0103 a turismului, c\\u00e2t \\u0219i de conservare a patrimoniului cultural.<\\\/p>\\n<iframe width=\\\"100%\\\" height=\\\"315\\\" src=\\\"https:\\\/\\\/www.youtube.com\\\/embed\\\/1jqVwBVnyvw?si=idm-R4FZPyHHZlT-\\\" title=\\\"YouTube video player\\\" frameborder=\\\"0\\\" allow=\\\"accelerometer; autoplay; clipboard-write; encrypted-media; gyroscope; picture-in-picture; web-share\\\" referrerpolicy=\\\"strict-origin-when-cross-origin\\\" allowfullscreen><\\\/iframe>\",\"content_column_breakpoint\":\"m\",\"icon_width\":80,\"image_align\":\"top\",\"image_grid_breakpoint\":\"m\",\"image_grid_width\":\"1-2\",\"image_svg_color\":\"emphasis\",\"link_style\":\"default\",\"link_text\":\"Read more\",\"margin\":\"default\",\"meta_align\":\"below-title\",\"meta_element\":\"div\",\"meta_style\":\"text-meta\",\"panel_padding\":\"small\",\"panel_style\":\"card-default\",\"title_align\":\"top\",\"title_element\":\"h3\",\"title_grid_breakpoint\":\"m\",\"title_grid_width\":\"1-2\",\"title_hover_style\":\"reset\"}}]}]}],\"name\":\"Overview\"},{\"type\":\"section\",\"props\":{\"animation\":\"slide-bottom-medium\",\"animation_delay\":\"100\",\"header_transparent\":false,\"height\":\"section\",\"height_viewport\":100,\"id\":\"sectionMethod\",\"image_position\":\"bottom-center\",\"media_focal_point\":\"bottom-center\",\"style\":\"default\",\"title_breakpoint\":\"xl\",\"title_position\":\"top-left\",\"title_rotation\":\"left\",\"vertical_align\":\"\",\"width\":\"default\"},\"children\":[{\"type\":\"row\",\"children\":[{\"type\":\"column\",\"props\":{\"image_position\":\"center-center\",\"position_sticky_breakpoint\":\"m\"},\"children\":[{\"type\":\"headline\",\"props\":{\"animation\":\"slide-left-medium\",\"block_align_breakpoint\":\"l\",\"block_align_fallback\":\"center\",\"class\":\"th--page-headings\",\"content\":\"Metodologie\",\"id\":\"th--heading-methodology\",\"maxwidth\":\"medium\",\"maxwidth_breakpoint\":\"l\",\"title_color\":\"success\",\"title_element\":\"h1\",\"title_style\":\"heading-small\"}},{\"type\":\"divider\",\"props\":{\"class\":\"uk-invisible\",\"divider_element\":\"hr\"}}]}]},{\"type\":\"row\",\"props\":{\"alignment\":\"left\",\"width\":\"small\"},\"children\":[{\"type\":\"column\",\"props\":{\"image_position\":\"center-center\",\"position_sticky_breakpoint\":\"m\"},\"children\":[{\"type\":\"panel\",\"props\":{\"content\":\"\n\n<p>MINEtour abordeaz\\u0103 nevoia imperativ\\u0103 de dezvoltare rural\\u0103 concentr\\u00e2ndu-se pe dou\\u0103 aspecte cheie: \\u00eembun\\u0103t\\u0103\\u021birea competen\\u021belor digitale \\u00een r\\u00e2ndul tinerilor \\u0219i promovarea practicilor turistice durabile.<\\\/p>\\n\n\n<p>Consor\\u021biul de proiect a dezvoltat un compendiu de resurse de \\u00eenv\\u0103\\u021bare \\u0219i activit\\u0103\\u021bi care se concentreaz\\u0103 pe implicarea civic\\u0103 \\u0219i alfabetizarea digital\\u0103 \\u00een r\\u00e2ndul tinerilor. Folosind instrumente precum Harta interactiv\\u0103, participan\\u021bii sunt \\u00eendruma\\u021bi \\u00een promovarea turismului local. Ini\\u021biativa integreaz\\u0103 \\u00een mod strategic practicile de turism durabil folosind jocul Minecraft, av\\u00e2nd ca scop stimularea cre\\u0219terii economice \\u0219i a dezvolt\\u0103rii comunit\\u0103\\u021bii \\u00een zonele rurale, \\u00eembun\\u0103t\\u0103\\u021bind \\u00een acela\\u0219i timp \\u00een mod activ abilit\\u0103\\u021bile digitale \\u00een regiunile cu acces limitat, contribuind astfel la bun\\u0103starea social\\u0103 \\u0219i economic\\u0103 a comunit\\u0103\\u021bilor rurale.<\\\/p>\",\"content_column_breakpoint\":\"m\",\"icon_width\":80,\"image_align\":\"top\",\"image_grid_breakpoint\":\"m\",\"image_grid_width\":\"1-2\",\"image_svg_color\":\"emphasis\",\"link_style\":\"default\",\"link_text\":\"Read more\",\"margin\":\"default\",\"meta_align\":\"below-title\",\"meta_element\":\"div\",\"meta_style\":\"text-meta\",\"panel_padding\":\"small\",\"panel_style\":\"card-default\",\"title_align\":\"top\",\"title_element\":\"h3\",\"title_grid_breakpoint\":\"m\",\"title_grid_width\":\"1-2\",\"title_hover_style\":\"reset\"}}]}]}],\"name\":\"Methodology\"},{\"type\":\"section\",\"props\":{\"animation\":\"slide-bottom-medium\",\"animation_delay\":\"100\",\"header_transparent\":false,\"height\":\"section\",\"height_offset_top\":false,\"height_viewport\":100,\"id\":\"sectionOutputs\",\"image_position\":\"bottom-center\",\"media_focal_point\":\"bottom-center\",\"style\":\"default\",\"title_breakpoint\":\"xl\",\"title_position\":\"top-left\",\"title_rotation\":\"left\",\"vertical_align\":\"\",\"width\":\"default\"},\"children\":[{\"type\":\"row\",\"children\":[{\"type\":\"column\",\"props\":{\"image_position\":\"center-center\",\"position_sticky_breakpoint\":\"m\"},\"children\":[{\"type\":\"headline\",\"props\":{\"animation\":\"slide-left-medium\",\"block_align_breakpoint\":\"l\",\"block_align_fallback\":\"center\",\"class\":\"th--page-headings\",\"content\":\"Rezultate\",\"id\":\"th--heading-outputs\",\"maxwidth\":\"medium\",\"maxwidth_breakpoint\":\"l\",\"title_color\":\"success\",\"title_element\":\"h1\",\"title_style\":\"heading-small\"}},{\"type\":\"divider\",\"props\":{\"class\":\"uk-invisible\",\"divider_element\":\"hr\"}}]}]},{\"type\":\"row\",\"props\":{\"alignment\":\"left\",\"width\":\"small\"},\"children\":[{\"type\":\"column\",\"props\":{\"image_position\":\"center-center\",\"position_sticky_breakpoint\":\"m\"},\"children\":[{\"type\":\"panel\",\"props\":{\"content\":\"\n\n<p><strong>(1) Un set de instrumente pentru tineri:<\\\/strong> un set de materiale modulare menite s\\u0103 motiveze tinerii s\\u0103 devin\\u0103 activi, \\u00eenv\\u0103\\u021b\\u00e2nd cum s\\u0103-\\u0219i promoveze turistic ora\\u0219ele natale folosind mijloace digitale.<\\\/p>\\n\n\n<p><strong>(2) Tourism prin lumile Minecraft:<\\\/strong> Un joc care promoveaz\\u0103 provoc\\u0103ri despre diversitatea cultural\\u0103 \\u00een zonele rurale pentru a cre\\u0219te sentimentul de respect \\u0219i responsabilitate.<\\\/p>\\n\n\n<p><strong>(3) Harta interactiv\\u0103 MINEtour:<\\\/strong> O platform\\u0103 pentru tineri pentru a-\\u0219i crea propriile portofolii turistice electronice, promov\\u00e2nd ora\\u0219ul lor natal.<\\\/p>\",\"content_column_breakpoint\":\"m\",\"icon_width\":80,\"image_align\":\"top\",\"image_grid_breakpoint\":\"m\",\"image_grid_width\":\"1-2\",\"image_svg_color\":\"emphasis\",\"link_style\":\"default\",\"link_text\":\"Read more\",\"margin\":\"default\",\"meta_align\":\"below-title\",\"meta_element\":\"div\",\"meta_style\":\"text-meta\",\"panel_padding\":\"small\",\"panel_style\":\"card-default\",\"title_align\":\"top\",\"title_element\":\"h3\",\"title_grid_breakpoint\":\"m\",\"title_grid_width\":\"1-2\",\"title_hover_style\":\"reset\"}}]}]},{\"type\":\"row\",\"props\":{\"alignment\":\"left\",\"width\":\"small\"},\"children\":[{\"type\":\"column\",\"props\":{\"image_position\":\"center-center\",\"position_sticky_breakpoint\":\"m\"},\"children\":[{\"type\":\"headline\",\"props\":{\"content\":\"Obiective specifice\",\"title_element\":\"h3\",\"title_style\":\"h4\"}},{\"type\":\"panel\",\"props\":{\"content\":\"\n\n<ul>\\n\n\n<li>\\u00cencurajarea tinerilor din zonele rurale s\\u0103 participe la dezvoltarea \\u0219i promovarea turismului local, devenind cet\\u0103\\u021beni activi m\\u00e2ndri \\u00een propriile ora\\u0219e natale.<\\\/li>\\n\n\n<li>Asigurarea instrumentelor digitale pentru promovarea \\u0219i implicarea eficient\\u0103 cu societatea civil\\u0103.<\\\/li>\\n\n\n<li>Furnizarea de resurse \\u0219i re\\u021bele necesare pentru a prezenta ora\\u0219ele natale \\u0219i pentru a promova turismul local.<\\\/li>\\n\n\n<li>Promovarea schimburilor interculturale \\u0219i a colabor\\u0103rii \\u00eentre tinerii din mediul rural din Europa.<\\\/li>\\n\n\n<li>Cre\\u0219terea gradului de con\\u0219tientizare cu privire la practicile turistice durabile \\u0219i responsabile din punct de vedere social.<\\\/li>\\n<\\\/ul>\",\"content_column_breakpoint\":\"m\",\"icon_width\":80,\"image_align\":\"top\",\"image_grid_breakpoint\":\"m\",\"image_grid_width\":\"1-2\",\"image_svg_color\":\"emphasis\",\"link_style\":\"default\",\"link_text\":\"Read more\",\"margin\":\"default\",\"meta_align\":\"below-title\",\"meta_element\":\"div\",\"meta_style\":\"text-meta\",\"panel_padding\":\"small\",\"panel_style\":\"card-default\",\"title_align\":\"top\",\"title_element\":\"h3\",\"title_grid_breakpoint\":\"m\",\"title_grid_width\":\"1-2\",\"title_hover_style\":\"reset\"}}]}]}],\"name\":\"Outputs\"}],\"version\":\"4.3.6\"} --><\/p>\n","protected":false},"excerpt":{"rendered":"<p>Rata general\u0103 de participare a tinerilor la activit\u0103\u021bile de voluntariat \u00een Uniunea European\u0103 este de numai 16,8%, cu rate mai sc\u0103zute \u00een zonele rurale. Zonele..<\/p>\n","protected":false},"author":1,"featured_media":0,"parent":0,"menu_order":0,"comment_status":"closed","ping_status":"closed","template":"","meta":{"_acf_changed":false,"inline_featured_image":false,"footnotes":""},"class_list":["post-461","page","type-page","status-publish","hentry"],"acf":[],"_links":{"self":[{"href":"https:\/\/minetour.eu\/ro\/wp-json\/wp\/v2\/pages\/461","targetHints":{"allow":["GET"]}}],"collection":[{"href":"https:\/\/minetour.eu\/ro\/wp-json\/wp\/v2\/pages"}],"about":[{"href":"https:\/\/minetour.eu\/ro\/wp-json\/wp\/v2\/types\/page"}],"author":[{"embeddable":true,"href":"https:\/\/minetour.eu\/ro\/wp-json\/wp\/v2\/users\/1"}],"replies":[{"embeddable":true,"href":"https:\/\/minetour.eu\/ro\/wp-json\/wp\/v2\/comments?post=461"}],"version-history":[{"count":6,"href":"https:\/\/minetour.eu\/ro\/wp-json\/wp\/v2\/pages\/461\/revisions"}],"predecessor-version":[{"id":919,"href":"https:\/\/minetour.eu\/ro\/wp-json\/wp\/v2\/pages\/461\/revisions\/919"}],"wp:attachment":[{"href":"https:\/\/minetour.eu\/ro\/wp-json\/wp\/v2\/media?parent=461"}],"curies":[{"name":"wp","href":"https:\/\/api.w.org\/{rel}","templated":true}]}}