{"id":457,"date":"2024-03-08T12:29:34","date_gmt":"2024-03-08T10:29:34","guid":{"rendered":"https:\/\/minetour.eu\/home\/"},"modified":"2024-05-08T11:10:16","modified_gmt":"2024-05-08T09:10:16","slug":"home","status":"publish","type":"page","link":"https:\/\/minetour.eu\/ro\/","title":{"rendered":"Acas\u0103"},"content":{"rendered":"<div>\n<div class=\"DDloading-container\">\n<div class=\"background-image\">\n    \t<progress class=\"uk-progress loading-progress\" value=\"0\" max=\"100\"><\/progress>\n    <\/div>\n<\/div>\n<\/div>\n<div>\n<h2>Despre<\/h2>\n<div>MineTOUR va promova cet\u0103\u021benia activ\u0103 \u0219i implicarea tinerilor \u00een societatea civil\u0103 prin utilizarea instrumentelor digitale pentru a \u00eencuraja turismul local \u00een zona rural\u0103<\/div>\n<p><a href=\"\/ro\/about#sectionOverview\">Citi\u021bi mai multe\u2026<\/a><\/p>\n<\/div>\n<div>\n<h2>Metodologie<\/h2>\n<div>MINEtour abordeaz\u0103 nevoia imperativ\u0103 de dezvoltare rural\u0103 concentr\u00e2ndu-se pe dou\u0103 aspecte cheie: \u00eembun\u0103t\u0103\u021birea competen\u021belor digitale \u00een r\u00e2ndul tinerilor \u0219i promovarea practicilor turistice durabile.<\/div>\n<p><a href=\"\/ro\/about#sectionMethod\">Citi\u021bi mai multe\u2026<\/a><\/p>\n<\/div>\n<div>\n<h2>Rezultate<\/h2>\n<div>\n<ul>\n<li>Un set de instrumente pentru tineri<\/li>\n<li>Tourism prin lumile Minecraft<\/li>\n<li>Harta interactiv\u0103 MINEtour<\/li>\n<\/ul>\n<\/div>\n<p><a href=\"\/ro\/about#sectionOutputs\">Citi\u021bi mai multe\u2026<\/a><\/p>\n<\/div>\n<div>\n<h2>Parteneri<\/h2>\n<div>\n<p>University of Cyprus<\/p>\n<p>LEARNING SEED<\/p>\n<p>CARDET<\/p>\n<p>ATERMON<\/p>\n<p>Asociacion CON VALORES<\/p>\n<p>INCDT<\/p>\n<\/div>\n<p><a href=\"\/ro\/partners\">Citi\u021bi mai multe\u2026<\/a><\/p>\n<\/div>\n<p><!--more--><br \/>\n<!-- {\"type\":\"layout\",\"children\":[{\"type\":\"section\",\"props\":{\"class\":\"loading-container\",\"height_viewport\":100,\"image_position\":\"center-center\",\"style\":\"default\",\"title_breakpoint\":\"xl\",\"title_position\":\"top-left\",\"title_rotation\":\"left\",\"vertical_align\":\"middle\",\"width\":\"default\"},\"children\":[{\"type\":\"row\",\"children\":[{\"type\":\"column\",\"props\":{\"image_position\":\"center-center\",\"position_sticky_breakpoint\":\"m\"},\"children\":[{\"type\":\"html\",\"props\":{\"content\":\"\n\n<div class=\\\"DDloading-container\\\">\\n    <img src=\\\"https:\\\/\\\/minetour.eu\\\/wp-content\\\/uploads\\\/2024\\\/03\\\/MINETOUR__loading.jpg\\\" class=\\\"background-image\\\"\\\/>\\n    <progress class=\\\"uk-progress loading-progress\\\" value=\\\"0\\\" max=\\\"100\\\"><\\\/progress>\\n<\\\/div>\",\"status\":\"disabled\"}},{\"type\":\"html\",\"props\":{\"content\":\"\n\n<div class=\\\"DDloading-container\\\">\\n    \n\n<div class=\\\"background-image\\\">\\n    \\t<progress class=\\\"uk-progress loading-progress\\\" value=\\\"0\\\" max=\\\"100\\\"><\\\/progress>\\n    <\\\/div>\\n<\\\/div>\"}}]}],\"props\":{\"width\":\"xsmall\"}}],\"name\":\"loading scene\"},{\"name\":\"Overview\",\"type\":\"section\",\"props\":{\"animation\":\"fade\",\"animation_delay\":\"800\",\"header_transparent\":false,\"height\":\"section\",\"height_offset_top\":false,\"height_viewport\":60,\"image_effect\":\"parallax\",\"image_parallax_bgy\":\"-150 150%,0 0%\",\"image_position\":\"bottom-center\",\"image_size\":\"width-1-1\",\"media_focal_point\":\"bottom-center\",\"padding\":\"large\",\"style\":\"default\",\"title_breakpoint\":\"xl\",\"title_position\":\"top-left\",\"title_rotation\":\"left\",\"vertical_align\":\"\",\"width\":\"default\"},\"children\":[{\"type\":\"row\",\"props\":{\"css\":\".el-row {\\n    height: 100vh;\\n}\",\"width\":\"small\"},\"children\":[{\"type\":\"column\",\"props\":{\"image_position\":\"center-center\",\"position_sticky\":\"section\",\"position_sticky_breakpoint\":\"\",\"position_sticky_offset\":\"200px\"},\"children\":[{\"type\":\"panel\",\"props\":{\"animation\":\"parallax\",\"block_align_breakpoint\":\"m\",\"block_align_fallback\":\"center\",\"class\":\"th--custom-panels\",\"content\":\"MineTOUR va promova cet\\u0103\\u021benia activ\\u0103 \\u0219i implicarea tinerilor \\u00een societatea civil\\u0103 prin utilizarea instrumentelor digitale pentru a \\u00eencuraja turismul local \\u00een zona rural\\u0103\",\"content_column_breakpoint\":\"m\",\"content_margin\":\"remove\",\"icon_width\":80,\"id\":\"th--panel-overview\",\"image_align\":\"top\",\"image_grid_breakpoint\":\"m\",\"image_grid_width\":\"1-2\",\"image_svg_color\":\"emphasis\",\"link\":\"ro\\\/about#sectionOverview\",\"link_margin\":\"medium\",\"link_style\":\"secondary\",\"link_target\":false,\"link_text\":\"Citi\\u021bi mai multe\\u2026\",\"margin\":\"default\",\"maxwidth\":\"large\",\"maxwidth_breakpoint\":\"m\",\"meta\":\"\",\"meta_align\":\"above-title\",\"meta_color\":\"primary\",\"meta_element\":\"div\",\"meta_style\":\"h6\",\"panel_padding\":\"default\",\"panel_style\":\"card-default\",\"parallax_easing\":\"-1\",\"parallax_transform_origin\":\"top-center\",\"parallax_y\":\"0 0%,400 800%\",\"text_align\":\"left\",\"title\":\"Despre\",\"title_align\":\"top\",\"title_color\":\"success\",\"title_element\":\"h2\",\"title_grid_breakpoint\":\"m\",\"title_grid_width\":\"1-2\",\"title_hover_style\":\"reset\",\"title_margin\":\"remove\",\"title_style\":\"heading-small\"}}]}]}]},{\"name\":\"Methodology\",\"type\":\"section\",\"props\":{\"animation\":\"fade\",\"animation_delay\":\"400\",\"header_transparent\":false,\"height\":\"section\",\"image_effect\":\"parallax\",\"image_parallax_bgy\":\"-150 150%,0 0%\",\"image_position\":\"bottom-center\",\"image_size\":\"width-1-1\",\"media_focal_point\":\"bottom-center\",\"padding\":\"large\",\"padding_remove_bottom\":true,\"style\":\"default\",\"title_breakpoint\":\"xl\",\"title_position\":\"top-left\",\"title_rotation\":\"left\",\"vertical_align\":\"\",\"width\":\"default\"},\"children\":[{\"type\":\"row\",\"props\":{\"css\":\".el-row {\\n    height: 100vh;\\n}\",\"width\":\"small\"},\"children\":[{\"type\":\"column\",\"props\":{\"image_position\":\"center-center\",\"position_sticky\":\"section\",\"position_sticky_breakpoint\":\"\",\"position_sticky_offset\":\"200px\"},\"children\":[{\"type\":\"panel\",\"props\":{\"animation\":\"parallax\",\"block_align\":\"right\",\"block_align_breakpoint\":\"m\",\"block_align_fallback\":\"center\",\"class\":\"th--custom-panels\",\"content\":\"MINEtour abordeaz\\u0103 nevoia imperativ\\u0103 de dezvoltare rural\\u0103 concentr\\u00e2ndu-se pe dou\\u0103 aspecte cheie: \\u00eembun\\u0103t\\u0103\\u021birea competen\\u021belor digitale \\u00een r\\u00e2ndul tinerilor \\u0219i promovarea practicilor turistice durabile.\",\"content_column_breakpoint\":\"m\",\"content_margin\":\"remove\",\"icon_width\":80,\"id\":\"th--panel-method\",\"image_align\":\"top\",\"image_grid_breakpoint\":\"m\",\"image_grid_width\":\"1-2\",\"image_svg_color\":\"emphasis\",\"link\":\"ro\\\/about#sectionMethod\",\"link_margin\":\"medium\",\"link_style\":\"secondary\",\"link_target\":false,\"link_text\":\"Citi\\u021bi mai multe\\u2026\",\"margin\":\"default\",\"maxwidth\":\"large\",\"maxwidth_breakpoint\":\"m\",\"meta\":\"\",\"meta_align\":\"above-title\",\"meta_color\":\"primary\",\"meta_element\":\"div\",\"meta_style\":\"h6\",\"panel_padding\":\"default\",\"panel_style\":\"card-default\",\"parallax_easing\":\"-1\",\"parallax_transform_origin\":\"top-center\",\"parallax_y\":\"0 0%,400 800%\",\"text_align\":\"left\",\"title\":\"Metodologie\",\"title_align\":\"top\",\"title_color\":\"success\",\"title_element\":\"h2\",\"title_grid_breakpoint\":\"m\",\"title_grid_width\":\"1-2\",\"title_hover_style\":\"reset\",\"title_margin\":\"remove\",\"title_style\":\"heading-small\"}}]}]}]},{\"name\":\"outputs\",\"type\":\"section\",\"props\":{\"animation\":\"fade\",\"animation_delay\":\"400\",\"header_transparent\":false,\"height\":\"section\",\"height_offset_top\":false,\"height_viewport\":60,\"image_effect\":\"parallax\",\"image_parallax_bgy\":\"-150 150%,0 0%\",\"image_position\":\"bottom-center\",\"image_size\":\"width-1-1\",\"media_focal_point\":\"bottom-center\",\"padding\":\"large\",\"style\":\"default\",\"title_breakpoint\":\"xl\",\"title_position\":\"top-left\",\"title_rotation\":\"left\",\"vertical_align\":\"\",\"width\":\"default\"},\"children\":[{\"type\":\"row\",\"props\":{\"css\":\".el-row {\\n    height: 100vh;\\n}\",\"width\":\"small\"},\"children\":[{\"type\":\"column\",\"props\":{\"image_position\":\"center-center\",\"position_sticky\":\"section\",\"position_sticky_breakpoint\":\"\",\"position_sticky_offset\":\"200px\"},\"children\":[{\"type\":\"panel\",\"props\":{\"animation\":\"parallax\",\"block_align_breakpoint\":\"m\",\"block_align_fallback\":\"center\",\"class\":\"th--custom-panels\",\"content\":\"\n\n<ul>\\n    \n\n<li>Un set de instrumente pentru tineri<\\\/li>\\n    \n\n<li>Tourism prin lumile Minecraft<\\\/li>\\n    \n\n<li>Harta interactiv\\u0103 MINEtour<\\\/li>\\n<\\\/ul>\",\"content_column_breakpoint\":\"m\",\"content_margin\":\"remove\",\"icon_width\":80,\"id\":\"th--panel-outputs\",\"image_align\":\"top\",\"image_grid_breakpoint\":\"m\",\"image_grid_width\":\"1-2\",\"image_svg_color\":\"emphasis\",\"link\":\"ro\\\/about#sectionOutputs\",\"link_margin\":\"medium\",\"link_style\":\"secondary\",\"link_target\":false,\"link_text\":\"Citi\\u021bi mai multe\\u2026\",\"margin\":\"default\",\"maxwidth\":\"large\",\"maxwidth_breakpoint\":\"m\",\"meta\":\"\",\"meta_align\":\"above-title\",\"meta_color\":\"primary\",\"meta_element\":\"div\",\"meta_style\":\"h6\",\"panel_padding\":\"default\",\"panel_style\":\"card-default\",\"parallax_easing\":\"-1\",\"parallax_transform_origin\":\"top-center\",\"parallax_y\":\"0 0%,400 800%\",\"text_align\":\"left\",\"title\":\"Rezultate\",\"title_align\":\"top\",\"title_color\":\"success\",\"title_element\":\"h2\",\"title_grid_breakpoint\":\"m\",\"title_grid_width\":\"1-2\",\"title_hover_style\":\"reset\",\"title_margin\":\"remove\",\"title_style\":\"heading-small\"}}]}]}]},{\"name\":\"Partners\",\"type\":\"section\",\"props\":{\"animation\":\"fade\",\"animation_delay\":\"400\",\"header_transparent\":false,\"height\":\"section\",\"height_offset_top\":false,\"height_viewport\":60,\"image_effect\":\"parallax\",\"image_parallax_bgy\":\"-150 150%,0 0%\",\"image_position\":\"bottom-center\",\"image_size\":\"contain\",\"media_focal_point\":\"bottom-center\",\"padding\":\"large\",\"padding_remove_bottom\":true,\"style\":\"default\",\"title_breakpoint\":\"xl\",\"title_position\":\"top-left\",\"title_rotation\":\"left\",\"vertical_align\":\"\",\"width\":\"default\"},\"children\":[{\"type\":\"row\",\"props\":{\"css\":\".el-row {\\n    height: 100vh;\\n}\",\"width\":\"small\"},\"children\":[{\"type\":\"column\",\"props\":{\"image_position\":\"center-center\",\"position_sticky\":\"section\",\"position_sticky_breakpoint\":\"\",\"position_sticky_offset\":\"200px\"},\"children\":[{\"type\":\"panel\",\"props\":{\"animation\":\"parallax\",\"block_align\":\"right\",\"block_align_breakpoint\":\"m\",\"block_align_fallback\":\"center\",\"class\":\"th--custom-panels\",\"content\":\"\n\n<p>University of Cyprus<\\\/p>\\n\n\n<p>LEARNING SEED<\\\/p>\\n\n\n<p>CARDET<\\\/p>\\n\n\n<p>ATERMON<\\\/p>\\n\n\n<p>Asociacion CON VALORES<\\\/p>\\n\n\n<p>INCDT<\\\/p>\",\"content_column_breakpoint\":\"m\",\"content_margin\":\"remove\",\"icon\":\"\",\"icon_width\":80,\"id\":\"th--panel-partners\",\"image_align\":\"top\",\"image_grid_breakpoint\":\"m\",\"image_grid_width\":\"1-2\",\"image_svg_color\":\"emphasis\",\"link\":\"ro\\\/partners\",\"link_margin\":\"medium\",\"link_style\":\"secondary\",\"link_target\":false,\"link_text\":\"Citi\\u021bi mai multe\\u2026\",\"margin\":\"default\",\"maxwidth\":\"large\",\"maxwidth_breakpoint\":\"m\",\"meta\":\"\",\"meta_align\":\"above-title\",\"meta_color\":\"primary\",\"meta_element\":\"div\",\"meta_style\":\"h6\",\"panel_padding\":\"default\",\"panel_style\":\"card-default\",\"parallax_easing\":\"-1\",\"parallax_transform_origin\":\"top-center\",\"parallax_y\":\"0 0%,400 800%\",\"text_align\":\"left\",\"title\":\"Parteneri\",\"title_align\":\"top\",\"title_color\":\"success\",\"title_element\":\"h2\",\"title_grid_breakpoint\":\"m\",\"title_grid_width\":\"1-2\",\"title_hover_style\":\"reset\",\"title_margin\":\"remove\",\"title_style\":\"heading-small\"}}]}]}]},{\"type\":\"section\",\"props\":{\"height\":\"pixels\",\"height_viewport\":500,\"image\":\"wp-content\\\/uploads\\\/2024\\\/03\\\/bottom-bg-19.svg\",\"image_position\":\"bottom-center\",\"image_size\":\"height-1-1\",\"image_width\":100,\"padding_remove_bottom\":true,\"padding_remove_top\":true,\"style\":\"default\",\"title_breakpoint\":\"xl\",\"title_position\":\"top-left\",\"title_rotation\":\"left\",\"vertical_align\":\"bottom\",\"width\":\"\"},\"children\":[{\"type\":\"row\",\"children\":[{\"type\":\"column\",\"props\":{\"image_position\":\"center-center\",\"position_sticky_breakpoint\":\"m\"}}]}],\"name\":\"Bottom image\"}],\"version\":\"4.3.6\"} --><\/p>\n","protected":false},"excerpt":{"rendered":"<p>Despre MineTOUR va promova cet\u0103\u021benia activ\u0103 \u0219i implicarea tinerilor \u00een societatea civil\u0103 prin utilizarea instrumentelor digitale pentru a \u00eencuraja turismul local \u00een zona rural\u0103 Citi\u021bi..<\/p>\n","protected":false},"author":1,"featured_media":0,"parent":0,"menu_order":0,"comment_status":"closed","ping_status":"closed","template":"","meta":{"_acf_changed":false,"inline_featured_image":false,"footnotes":""},"class_list":["post-457","page","type-page","status-publish","hentry"],"acf":[],"_links":{"self":[{"href":"https:\/\/minetour.eu\/ro\/wp-json\/wp\/v2\/pages\/457","targetHints":{"allow":["GET"]}}],"collection":[{"href":"https:\/\/minetour.eu\/ro\/wp-json\/wp\/v2\/pages"}],"about":[{"href":"https:\/\/minetour.eu\/ro\/wp-json\/wp\/v2\/types\/page"}],"author":[{"embeddable":true,"href":"https:\/\/minetour.eu\/ro\/wp-json\/wp\/v2\/users\/1"}],"replies":[{"embeddable":true,"href":"https:\/\/minetour.eu\/ro\/wp-json\/wp\/v2\/comments?post=457"}],"version-history":[{"count":2,"href":"https:\/\/minetour.eu\/ro\/wp-json\/wp\/v2\/pages\/457\/revisions"}],"predecessor-version":[{"id":566,"href":"https:\/\/minetour.eu\/ro\/wp-json\/wp\/v2\/pages\/457\/revisions\/566"}],"wp:attachment":[{"href":"https:\/\/minetour.eu\/ro\/wp-json\/wp\/v2\/media?parent=457"}],"curies":[{"name":"wp","href":"https:\/\/api.w.org\/{rel}","templated":true}]}}