{"id":745,"date":"2025-04-23T08:46:33","date_gmt":"2025-04-23T06:46:33","guid":{"rendered":"https:\/\/minetour.eu\/results\/"},"modified":"2026-02-27T10:55:44","modified_gmt":"2026-02-27T08:55:44","slug":"results","status":"publish","type":"page","link":"https:\/\/minetour.eu\/es\/results\/","title":{"rendered":"Resultados"},"content":{"rendered":"<hr>\n<div>\n<p>        <img decoding=\"async\" src=\"\/wp-content\/uploads\/2024\/03\/MineTour_logo.png\" alt=\"MINETOUR\"><\/p>\n<h3>Focus Groups on rural youth needs (WP2)<\/h3>\n<p>International Report<\/p>\n<div>\n<p style=\"text-align: left;\">The composite report of the focus groups conducted under WP2 is now available. It summarises key findings from discussions with young people, especially from rural areas, and youth workers aimed at validating the needs identified.<\/p>\n<\/div>\n<p><a href=\"\/wp-content\/uploads\/2025\/04\/Minetour_A2_COMPOSITE-REPORT-1.pdf\">Read<\/a><\/p>\n<\/div>\n<h2>Kit educativo para j\u00f3venes<\/h2>\n<div>Disfruta de nuestros cursos online gratuitos, est\u00e9s donde est\u00e9s y cuando quieras. Descarga el contenido del curso en tu dispositivo.<\/div>\n<ul>\n<li>\n<h3>M\u00f3dulo 1<\/h3>\n<p>TURISMO SOSTENIBLE<\/p>\n<div>A4 Ciudadanos Activos como Embajadores del Turismo Local &#8211; Materiales Educativos Motivacionales.<\/div>\n<p><a href=\"\/minetour-modules-results\/es\/M1.zip\">Descargar<\/a><\/p>\n<\/li>\n<li>\n<h3>M\u00f3dulo 2<\/h3>\n<p>ALFABETIZACI\u00d3N DIGITAL Y FINANCIERA<\/p>\n<div>A4 Ciudadanos Activos Como Embajadores Del Turismo Local &#8211; Materiales Educativos Motivacionales.<\/div>\n<p><a href=\"\/minetour-modules-results\/es\/M2.zip\">Descargar<\/a><\/p>\n<\/li>\n<li>\n<h3>M\u00f3dulo 3<\/h3>\n<p>HABILIDADES DIGITALES PARA EL TURISMO SOSTENIBLE<\/p>\n<div>A4 Ciudadanos Activos Como Embajadores Del Turismo Local &#8211; Materiales Educativos Motivacionales.<\/div>\n<p><a href=\"\/minetour-modules-results\/es\/M3.zip\">Descargar<\/a><\/p>\n<\/li>\n<li>\n<h3>M\u00f3dulo 4<\/h3>\n<p>PARTICIPACI\u00d3N COMUNITARIA<\/p>\n<div>A4 Ciudadanos Activos Como Embajadores Del Turismo Local &#8211; Materiales Educativos Motivacionales.<\/div>\n<p><a href=\"\/minetour-modules-results\/es\/M4.zip\">Descargar<\/a><\/p>\n<\/li>\n<li>\n<h3>M\u00f3dulo 5<\/h3>\n<p>ENFOQUES CREATIVOS EN EL TURISMO LOCAL<\/p>\n<div>A4 Ciudadanos Activos Como Embajadores Del Turismo Local &#8211; Materiales Educativos Motivacionales.<\/div>\n<p><a href=\"\/minetour-modules-results\/es\/M5.zip\">Descargar<\/a><\/p>\n<\/li>\n<\/ul>\n<h2>MineTOUR Interactive Map<\/h2>\n<div>\n<div>\n<p>Nuestro mapa interactivo es un espacio en el que puedes a\u00f1adir marcadores con historias, fotos y lugares de tu ciudad natal.<\/p>\n<p>Explora la diversidad cultural de Europa a trav\u00e9s de las contribuciones de j\u00f3venes como t\u00fa.<\/p>\n<\/div>\n<p><a href=\"https:\/\/minetour.cs.ucy.ac.cy\/\">Explora el mapa<\/a><\/p>\n<\/div>\n<hr>\n<h2>The MineTour Minecraft Worlds<\/h2>\n<div>\n<div>\n<p>Un juego que promueve retos sobre la diversidad cultural en las zonas rurales para aumentar el sentido del respeto y la responsabilidad. Descarga Minecraft Worlds: \u00a1Participa activamente en una simulaci\u00f3n comunitaria!<\/p>\n<p class=\"uk-text-small\">Instructions:<br \/>\n1. Open the Minecraft Education application on your device.<br \/>\n2. When prompted, sign in using your school or organizational<br \/>\nMicrosoft 365 Education or Microsoft 365 account.<br \/>\n3. Do NOT try to use your personal Gmail account here. If you do, you<br \/>\nwill receive an error message stating that you need an organizational<br \/>\naccount.<br \/>\n4. If your account is valid, you will be signed in and can begin playing the<br \/>\nfree trial.<\/p>\n<p><a class=\"el-link uk-button uk-button-secondary\" href=\"\/minetour-modules-results\/game\/Minetour.mcworld\" download>Descargar y jugar<\/a><\/div>\n<\/div>\n<p><!--more--><br \/>\n<!-- {\"type\":\"layout\",\"children\":[{\"type\":\"section\",\"props\":{\"animation\":\"slide-bottom-medium\",\"animation_delay\":\"100\",\"header_transparent\":false,\"height_viewport\":100,\"image_position\":\"bottom-center\",\"media_focal_point\":\"bottom-center\",\"padding_remove_bottom\":false,\"style\":\"default\",\"title_breakpoint\":\"xl\",\"title_position\":\"top-left\",\"title_rotation\":\"left\",\"vertical_align\":\"\",\"width\":\"default\"},\"children\":[{\"type\":\"row\",\"children\":[{\"type\":\"column\",\"props\":{\"image_position\":\"center-center\",\"position_sticky_breakpoint\":\"m\"},\"children\":[{\"type\":\"headline\",\"props\":{\"animation\":\"slide-left-medium\",\"block_align_breakpoint\":\"l\",\"block_align_fallback\":\"center\",\"class\":\"th--page-headings\",\"id\":\"th--heading-toolkit\",\"maxwidth\":\"medium\",\"maxwidth_breakpoint\":\"l\",\"title_color\":\"success\",\"title_element\":\"h1\",\"title_style\":\"heading-small\"},\"source\":{\"query\":{\"name\":\"pages.singlePage\"},\"props\":{\"content\":{\"filters\":{\"search\":\"\"},\"name\":\"title\"}}}},{\"type\":\"divider\",\"props\":{\"class\":\"uk-invisible\",\"divider_element\":\"hr\"}}]}]},{\"type\":\"row\",\"props\":{\"width\":\"default\"},\"children\":[{\"type\":\"column\",\"props\":{\"image_position\":\"center-center\",\"position_sticky_breakpoint\":\"m\",\"vertical_align\":\"middle\"},\"children\":[{\"type\":\"panel\",\"props\":{\"animation\":\"slide-top-medium\",\"block_align\":\"center\",\"content\":\"\n\n<p style=\\\"text-align: left;\\\">The composite report of the focus groups conducted under WP2 is now available. It summarises key findings from discussions with young people, especially from rural areas, and youth workers aimed at validating the needs identified.<\\\/p>\",\"content_column_breakpoint\":\"m\",\"icon_width\":80,\"image\":\"wp-content\\\/uploads\\\/2024\\\/03\\\/MineTour_logo.png\",\"image_align\":\"top\",\"image_alt\":\"MINETOUR\",\"image_grid_breakpoint\":\"m\",\"image_grid_width\":\"auto\",\"image_svg_animate\":true,\"image_svg_color\":\"emphasis\",\"image_svg_inline\":false,\"image_width\":80,\"link\":\"wp-content\\\/uploads\\\/2025\\\/04\\\/Minetour_A2_COMPOSITE-REPORT-1.pdf\",\"link_style\":\"secondary\",\"link_target\":true,\"link_text\":\"Read\",\"margin\":\"default\",\"maxwidth_breakpoint\":\"l\",\"meta\":\"International Report\",\"meta_align\":\"below-title\",\"meta_element\":\"div\",\"meta_style\":\"text-meta\",\"panel_link\":false,\"panel_padding\":\"default\",\"panel_style\":\"card-default\",\"text_align\":\"center\",\"title\":\"Focus Groups on rural youth needs (WP2)\",\"title_align\":\"top\",\"title_color\":\"success\",\"title_element\":\"h3\",\"title_grid_breakpoint\":\"m\",\"title_grid_width\":\"1-2\",\"title_hover_style\":\"reset\",\"title_margin\":\"medium\",\"title_style\":\"text-meta\"}}]}]}]},{\"type\":\"section\",\"props\":{\"animation\":\"slide-top-medium\",\"animation_delay\":\"100\",\"image_position\":\"center-center\",\"padding_remove_bottom\":false,\"padding_remove_top\":true,\"style\":\"default\",\"title_breakpoint\":\"xl\",\"title_position\":\"top-left\",\"title_rotation\":\"left\",\"vertical_align\":\"middle\",\"width\":\"default\"},\"children\":[{\"type\":\"row\",\"children\":[{\"type\":\"column\",\"props\":{\"image_position\":\"center-center\",\"position_sticky_breakpoint\":\"m\"},\"children\":[{\"type\":\"headline\",\"props\":{\"animation\":\"slide-left-medium\",\"block_align_breakpoint\":\"l\",\"block_align_fallback\":\"center\",\"class\":\"DDth--page-headings\",\"content\":\"Kit educativo para j\\u00f3venes\",\"id\":\"DDth--heading-toolkit\",\"maxwidth_breakpoint\":\"l\",\"title_color\":\"success\",\"title_element\":\"h2\",\"title_style\":\"h3\"}},{\"type\":\"text\",\"props\":{\"column_breakpoint\":\"m\",\"content\":\"Disfruta de nuestros cursos online gratuitos, est\\u00e9s donde est\\u00e9s y cuando quieras. Descarga el contenido del curso en tu dispositivo.\",\"margin\":\"medium\",\"margin_remove_top\":true}},{\"type\":\"grid\",\"props\":{\"content_column_breakpoint\":\"m\",\"content_style\":\"text-small\",\"filter_align\":\"left\",\"filter_all\":true,\"filter_grid_breakpoint\":\"m\",\"filter_grid_width\":\"auto\",\"filter_position\":\"top\",\"filter_style\":\"tab\",\"grid_default\":\"1\",\"grid_medium\":\"3\",\"icon_width\":80,\"image_align\":\"top\",\"image_grid_breakpoint\":\"m\",\"image_grid_width\":\"1-2\",\"image_svg_color\":\"emphasis\",\"item_animation\":true,\"link_style\":\"secondary\",\"link_text\":\"Descargar\",\"margin\":\"default\",\"meta_align\":\"below-title\",\"meta_element\":\"div\",\"meta_style\":\"text-meta\",\"panel_expand\":\"content\",\"panel_padding\":\"default\",\"panel_style\":\"card-default\",\"show_content\":true,\"show_image\":true,\"show_link\":true,\"show_meta\":true,\"show_title\":true,\"title_align\":\"top\",\"title_color\":\"success\",\"title_element\":\"h3\",\"title_grid_breakpoint\":\"m\",\"title_grid_width\":\"1-2\",\"title_hover_style\":\"reset\",\"title_margin\":\"medium\",\"title_style\":\"text-meta\"},\"children\":[{\"type\":\"grid_item\",\"props\":{\"content\":\"A4 Ciudadanos Activos como Embajadores del Turismo Local - Materiales Educativos Motivacionales.\",\"link\":\"\\\/minetour-modules-results\\\/es\\\/M1.zip\",\"meta\":\"TURISMO SOSTENIBLE\",\"title\":\"M\\u00f3dulo 1\"}},{\"type\":\"grid_item\",\"props\":{\"content\":\"A4 Ciudadanos Activos Como Embajadores Del Turismo Local - Materiales Educativos Motivacionales.\",\"link\":\"\\\/minetour-modules-results\\\/es\\\/M2.zip\",\"meta\":\"ALFABETIZACI\\u00d3N DIGITAL Y FINANCIERA\",\"title\":\"M\\u00f3dulo 2\"}},{\"type\":\"grid_item\",\"props\":{\"content\":\"A4 Ciudadanos Activos Como Embajadores Del Turismo Local - Materiales Educativos Motivacionales.\",\"link\":\"\\\/minetour-modules-results\\\/es\\\/M3.zip\",\"meta\":\"HABILIDADES DIGITALES PARA EL TURISMO SOSTENIBLE\",\"title\":\"M\\u00f3dulo 3\"}},{\"type\":\"grid_item\",\"props\":{\"content\":\"A4 Ciudadanos Activos Como Embajadores Del Turismo Local - Materiales Educativos Motivacionales.\",\"link\":\"\\\/minetour-modules-results\\\/es\\\/M4.zip\",\"meta\":\"PARTICIPACI\\u00d3N COMUNITARIA\",\"title\":\"M\\u00f3dulo 4\"}},{\"type\":\"grid_item\",\"props\":{\"content\":\"A4 Ciudadanos Activos Como Embajadores Del Turismo Local - Materiales Educativos Motivacionales.\",\"link\":\"\\\/minetour-modules-results\\\/es\\\/M5.zip\",\"meta\":\"ENFOQUES CREATIVOS EN EL TURISMO LOCAL\",\"title\":\"M\\u00f3dulo 5\"}}]}]}]}],\"name\":\"Modules (new)\"},{\"type\":\"section\",\"props\":{\"animation\":\"slide-bottom-medium\",\"animation_delay\":\"100\",\"header_transparent\":false,\"height_viewport\":100,\"image_position\":\"bottom-center\",\"media_focal_point\":\"bottom-center\",\"padding_remove_bottom\":false,\"padding_remove_top\":true,\"style\":\"default\",\"title_breakpoint\":\"xl\",\"title_position\":\"top-left\",\"title_rotation\":\"left\",\"vertical_align\":\"\",\"width\":\"default\"},\"children\":[{\"type\":\"row\",\"children\":[{\"type\":\"column\",\"props\":{\"image_position\":\"center-center\",\"position_sticky_breakpoint\":\"m\"},\"children\":[{\"type\":\"headline\",\"props\":{\"animation\":\"slide-left-medium\",\"block_align_breakpoint\":\"l\",\"block_align_fallback\":\"center\",\"class\":\"DDth--page-headings\",\"content\":\"MineTOUR Interactive Map\",\"id\":\"DDth--heading-toolkit\",\"maxwidth_breakpoint\":\"l\",\"title_color\":\"success\",\"title_element\":\"h2\",\"title_style\":\"h3\"},\"name\":\"Map title\"},{\"type\":\"panel\",\"props\":{\"animation\":\"slide-top-medium\",\"block_align\":\"center\",\"content\":\"\n\n<p>Nuestro mapa interactivo es un espacio en el que puedes a\\u00f1adir marcadores con historias, fotos y lugares de tu ciudad natal.<\\\/p>\\n\n\n<p>Explora la diversidad cultural de Europa a trav\\u00e9s de las contribuciones de j\\u00f3venes como t\\u00fa.<\\\/p>\",\"content_column_breakpoint\":\"m\",\"icon_width\":80,\"image\":\"\",\"image_align\":\"top\",\"image_alt\":\"MINETOUR\",\"image_grid_breakpoint\":\"m\",\"image_grid_width\":\"auto\",\"image_svg_animate\":true,\"image_svg_color\":\"emphasis\",\"image_svg_inline\":false,\"image_width\":80,\"link\":\"https:\\\/\\\/minetour.cs.ucy.ac.cy\\\/\",\"link_style\":\"secondary\",\"link_target\":true,\"link_text\":\"Explora el mapa\",\"margin\":\"default\",\"maxwidth_breakpoint\":\"l\",\"meta\":\"\",\"meta_align\":\"below-title\",\"meta_element\":\"div\",\"meta_style\":\"text-meta\",\"panel_link\":false,\"panel_padding\":\"default\",\"panel_style\":\"card-default\",\"text_align\":\"left\",\"title\":\"\",\"title_align\":\"top\",\"title_color\":\"success\",\"title_element\":\"h3\",\"title_grid_breakpoint\":\"m\",\"title_grid_width\":\"1-2\",\"title_hover_style\":\"reset\",\"title_margin\":\"medium\",\"title_style\":\"text-meta\"},\"name\":\"Map text\"}]}],\"props\":{\"row_gap\":\"large\"}},{\"type\":\"row\",\"children\":[{\"type\":\"column\",\"props\":{\"image_position\":\"center-center\",\"position_sticky_breakpoint\":\"m\"},\"children\":[{\"type\":\"divider\",\"props\":{\"css\":\".el-element {\\n\\tvisibility: hidden;\\n}\",\"divider_element\":\"hr\"}}]}]},{\"type\":\"row\",\"children\":[{\"type\":\"column\",\"props\":{\"image_position\":\"center-center\",\"position_sticky_breakpoint\":\"m\"},\"children\":[{\"type\":\"headline\",\"props\":{\"animation\":\"slide-left-medium\",\"block_align_breakpoint\":\"l\",\"block_align_fallback\":\"center\",\"class\":\"DDth--page-headings\",\"content\":\"The MineTour Minecraft Worlds\",\"id\":\"DDth--heading-toolkit\",\"maxwidth_breakpoint\":\"l\",\"title_color\":\"success\",\"title_element\":\"h2\",\"title_style\":\"h3\"},\"name\":\"Game title\"},{\"type\":\"panel\",\"props\":{\"animation\":\"slide-top-medium\",\"block_align\":\"center\",\"content\":\"\n\n<p>Un juego que promueve retos sobre la diversidad cultural en las zonas rurales para aumentar el sentido del respeto y la responsabilidad. Descarga Minecraft Worlds: \\u00a1Participa activamente en una simulaci\\u00f3n comunitaria!<\\\/p>\\n\\n\n\n<p class=\\\"uk-text-small\\\">Instructions:\\n1. Open the Minecraft Education application on your device.\\n2. When prompted, sign in using your school or organizational\\nMicrosoft 365 Education or Microsoft 365 account.\\n3. Do NOT try to use your personal Gmail account here. If you do, you\\nwill receive an error message stating that you need an organizational\\naccount.\\n4. If your account is valid, you will be signed in and can begin playing the\\nfree trial.<\\\/p>\\n\\n<a class=\\\"el-link uk-button uk-button-secondary\\\" href=\\\"\\\/minetour-modules-results\\\/game\\\/Minetour.mcworld\\\" download>Descargar y jugar<\\\/a>\",\"content_column_breakpoint\":\"m\",\"icon_width\":80,\"image\":\"\",\"image_align\":\"top\",\"image_alt\":\"MINETOUR\",\"image_grid_breakpoint\":\"m\",\"image_grid_width\":\"auto\",\"image_svg_animate\":true,\"image_svg_color\":\"emphasis\",\"image_svg_inline\":false,\"image_width\":80,\"link_style\":\"secondary\",\"link_target\":false,\"link_text\":\"Download & Play\",\"margin\":\"default\",\"maxwidth_breakpoint\":\"l\",\"meta\":\"\",\"meta_align\":\"below-title\",\"meta_element\":\"div\",\"meta_style\":\"text-meta\",\"panel_link\":false,\"panel_padding\":\"default\",\"panel_style\":\"card-default\",\"text_align\":\"left\",\"title\":\"\",\"title_align\":\"top\",\"title_color\":\"success\",\"title_element\":\"h3\",\"title_grid_breakpoint\":\"m\",\"title_grid_width\":\"1-2\",\"title_hover_style\":\"reset\",\"title_margin\":\"medium\",\"title_style\":\"text-meta\"},\"name\":\"Game text\"}]}]}],\"name\":\"MineTOUR Map & Game (NL)\"}],\"version\":\"4.3.6\"} --><\/p>\n","protected":false},"excerpt":{"rendered":"<p>Focus Groups on rural youth needs (WP2) International Report The composite report of the focus groups conducted under WP2 is now available. It summarises key..<\/p>\n","protected":false},"author":1,"featured_media":0,"parent":0,"menu_order":0,"comment_status":"closed","ping_status":"closed","template":"","meta":{"_acf_changed":false,"inline_featured_image":false,"footnotes":""},"class_list":["post-745","page","type-page","status-publish","hentry"],"acf":[],"_links":{"self":[{"href":"https:\/\/minetour.eu\/es\/wp-json\/wp\/v2\/pages\/745","targetHints":{"allow":["GET"]}}],"collection":[{"href":"https:\/\/minetour.eu\/es\/wp-json\/wp\/v2\/pages"}],"about":[{"href":"https:\/\/minetour.eu\/es\/wp-json\/wp\/v2\/types\/page"}],"author":[{"embeddable":true,"href":"https:\/\/minetour.eu\/es\/wp-json\/wp\/v2\/users\/1"}],"replies":[{"embeddable":true,"href":"https:\/\/minetour.eu\/es\/wp-json\/wp\/v2\/comments?post=745"}],"version-history":[{"count":37,"href":"https:\/\/minetour.eu\/es\/wp-json\/wp\/v2\/pages\/745\/revisions"}],"predecessor-version":[{"id":1244,"href":"https:\/\/minetour.eu\/es\/wp-json\/wp\/v2\/pages\/745\/revisions\/1244"}],"wp:attachment":[{"href":"https:\/\/minetour.eu\/es\/wp-json\/wp\/v2\/media?parent=745"}],"curies":[{"name":"wp","href":"https:\/\/api.w.org\/{rel}","templated":true}]}}