{"id":531,"date":"2024-03-27T12:32:49","date_gmt":"2024-03-27T10:32:49","guid":{"rendered":"https:\/\/minetour.eu\/?page_id=531"},"modified":"2024-04-30T16:18:16","modified_gmt":"2024-04-30T14:18:16","slug":"partners","status":"publish","type":"page","link":"https:\/\/minetour.eu\/es\/partners\/","title":{"rendered":"Socios"},"content":{"rendered":"<hr>\n<div>\n<p>        <img decoding=\"async\" src=\"\/wp-content\/uploads\/2024\/04\/university-of-Cyprus.png\" alt=\"university-of-Cyprus\"><\/p>\n<div>\n<p>La Universidad de Chipre participa en MINETOUR a trav\u00e9s del Laboratorio de Ingenier\u00eda de Software y Tecnolog\u00edas de Internet (SEIT), parte integral del Departamento de Ciencias de la Computaci\u00f3n. SEIT centra sus actividades de investigaci\u00f3n en dos \u00e1reas importantes de la tecnolog\u00eda de la informaci\u00f3n: la ingenier\u00eda de software y las tecnolog\u00edas de Internet. En la segunda \u00e1rea, el Laboratorio concentra su experiencia en el desarrollo de entornos, plataformas y herramientas de creatividad y aprendizaje mejorados basados en las TIC. SEIT tiene una amplia experiencia en el \u00e1rea de la aplicaci\u00f3n de las TIC al Aprendizaje Mejorado por Tecnolog\u00eda (e-Learning, m-Learning, Blended Learning y Open and Distance Learning) en general, as\u00ed como al Life Long Learning en particular. Esta experiencia es tanto a nivel t\u00e9cnico como en el desarrollo de pol\u00edticas y marcos de calificaci\u00f3n para tales actividades.<\/p>\n<\/div>\n<p><a href=\"https:\/\/www.ucy.ac.cy\/?lang=en\">Sitio web<\/a><\/p>\n<\/div>\n<div>\n<p>        <img decoding=\"async\" src=\"\/wp-content\/uploads\/2024\/04\/learning-seed-Green_center_white.png\" alt=\"learning-seed\"><\/p>\n<div>\n<p>Learning Seed es una organizaci\u00f3n de educaci\u00f3n no formal y de la sociedad civil, con sede en Argos, Peloponeso, Grecia. Nuestra visi\u00f3n es inspirar a la comunidad local para que adopte nuestras ideas y se una a nuestro esfuerzo por una sociedad mejor educada e inclusiva, con aprendizaje permanente. Nuestro objetivo es implementar y desarrollar enfoques de educaci\u00f3n no formal y promover el aprendizaje permanente en los j\u00f3venes, la educaci\u00f3n y formaci\u00f3n profesional (FP) y la educaci\u00f3n de adultos. Nuestro objetivo es activar la sociedad civil y abordar la exclusi\u00f3n social brindando apoyo pr\u00e1ctico a grupos socialmente vulnerables y marginados, as\u00ed como a personas necesitadas. A trav\u00e9s de capacitaciones altamente atractivas, nos esforzamos por establecer un acceso equitativo a las oportunidades de educaci\u00f3n y capacitaci\u00f3n, empoderando a las personas y promoviendo la inclusi\u00f3n.<\/p>\n<\/div>\n<p><a href=\"https:\/\/learningseed.eu\/\">Sitio web<\/a><\/p>\n<\/div>\n<div>\n<p>        <img decoding=\"async\" src=\"\/wp-content\/uploads\/2024\/04\/CARDET_logoWhite-44811f17.webp\" alt=\"CARDET\"><\/p>\n<div>\n<p>CARDET es el centro de investigaci\u00f3n y desarrollo l\u00edder en la regi\u00f3n mediterr\u00e1nea con experiencia global en educaci\u00f3n, habilidades digitales y desarrollo de capacidades. Como el centro independiente sin fines de lucro m\u00e1s grande con sede en Chipre, CARDET est\u00e1 afiliado de forma independiente a universidades e instituciones de todo el mundo, como la Universidad de Yale, la Universidad de Nicosia y el Consejo Internacional de Medios Educativos. CARDET ha completado m\u00e1s de 400 proyectos relacionados con habilidades digitales, inclusi\u00f3n, nuevas tecnolog\u00edas, gamificaci\u00f3n, v\u00edas de mejora de habilidades, innovaci\u00f3n y emprendimiento.<\/p>\n<\/div>\n<p><a href=\"https:\/\/cardet.org\/\">Sitio web<\/a><\/p>\n<\/div>\n<div>\n<p>        <img decoding=\"async\" src=\"\/wp-content\/uploads\/2024\/04\/atermon-logo.png\" alt=\"atermon\"><\/p>\n<div>\n<p>ATERMON es una empresa de TI que se centra en usos inteligentes de tecnolog\u00edas y herramientas de aprendizaje basado en juegos y Web 3.0, creando soluciones que pueden ofrecer experiencias de aprendizaje duraderas de valor pr\u00e1ctico real. Nuestra misi\u00f3n es estar a la vanguardia de la investigaci\u00f3n aplicada en tecnolog\u00edas y herramientas emergentes, actualmente utilizadas mayoritariamente por grandes multinacionales aprovechando las posibilidades de personalizaci\u00f3n que ofrece la Web 2.0\/3.0.<\/p>\n<\/div>\n<p><a href=\"https:\/\/atermon.nl\/\">Sitio web<\/a><\/p>\n<\/div>\n<div>\n<p>        <img decoding=\"async\" src=\"\/wp-content\/uploads\/2024\/04\/INCUBADORA-ORANGE.png\" alt=\"Asociacion CON VALORES\"><\/p>\n<div>\n<p>Asociaci\u00f3n CON VALORES es la primera incubadora de personas en riesgo de exclusi\u00f3n apoyada por el mundo empresarial. A trav\u00e9s de un innovador y disruptivo programa de incubaci\u00f3n de 5 meses pretendemos ayudar a personas en situaciones complicadas a generar sus ingresos. Nuestros mentores son profesionales con mucha experiencia en la creaci\u00f3n de empresas que han decidido donar su tiempo y conocimientos para apoyar a personas en riesgo de exclusi\u00f3n y todos juntos colaboramos para generar autoempleo e impacto social.<\/p>\n<\/div>\n<p><a href=\"https:\/\/cvalores.org\/\">Sitio web<\/a><\/p>\n<\/div>\n<div>\n<p>        <img decoding=\"async\" src=\"\/wp-content\/uploads\/2024\/04\/logio-incdt-o-logo_.jpg\" alt=\"Institutul Na\u0163ional de Cercetare - Dezvoltare \u00een Turism \u2013 INCDT\"><\/p>\n<div>\n<p>INCDT es el instituto nacional de investigaci\u00f3n en el campo del turismo en Rumania y la instituci\u00f3n l\u00edder en investigaci\u00f3n fundamental y aplicada para el desarrollo y promoci\u00f3n del turismo rumano. Nuestra misi\u00f3n es brindar continuamente asistencia especializada a operadores tur\u00edsticos p\u00fablicos y privados, apoyar la pol\u00edtica tur\u00edstica y la toma de decisiones de las autoridades locales, regionales y centrales sobre la oferta y la demanda tur\u00edstica y promover la innovaci\u00f3n en el turismo a todos los niveles. Nuestra experiencia previa en el desarrollo de cientos de estudios, estrategias y planes tur\u00edsticos garantiza nuestra capacidad para evaluar la calidad de los resultados dentro del proyecto MINETOUR.<\/p>\n<\/div>\n<p><a href=\"https:\/\/incdt.ro\/\">Sitio web<\/a><\/p>\n<\/div>\n<p><!--more--><br \/>\n<!-- {\"type\":\"layout\",\"children\":[{\"type\":\"section\",\"props\":{\"animation\":\"slide-bottom-medium\",\"animation_delay\":\"100\",\"header_transparent\":false,\"height\":\"section\",\"height_viewport\":100,\"image_position\":\"bottom-center\",\"media_focal_point\":\"bottom-center\",\"padding_remove_bottom\":false,\"padding_remove_top\":false,\"style\":\"default\",\"title_breakpoint\":\"xl\",\"title_position\":\"top-left\",\"title_rotation\":\"left\",\"vertical_align\":\"\",\"width\":\"default\"},\"children\":[{\"type\":\"row\",\"children\":[{\"type\":\"column\",\"props\":{\"image_position\":\"center-center\",\"position_sticky_breakpoint\":\"m\"},\"children\":[{\"type\":\"headline\",\"props\":{\"animation\":\"slide-left-medium\",\"block_align_breakpoint\":\"l\",\"block_align_fallback\":\"center\",\"class\":\"th--page-headings\",\"id\":\"th--heading-partners\",\"maxwidth\":\"xlarge\",\"maxwidth_breakpoint\":\"l\",\"title_color\":\"success\",\"title_element\":\"h1\",\"title_style\":\"heading-small\"},\"source\":{\"query\":{\"name\":\"pages.singlePage\"},\"props\":{\"content\":{\"filters\":{\"search\":\"\"},\"name\":\"title\"}}}},{\"type\":\"divider\",\"props\":{\"class\":\"uk-invisible\",\"divider_element\":\"hr\"}}]}]},{\"type\":\"row\",\"props\":{\"width\":\"small\"},\"children\":[{\"type\":\"column\",\"props\":{\"image_position\":\"center-center\",\"position_sticky_breakpoint\":\"m\"},\"children\":[{\"type\":\"panel\",\"props\":{\"content\":\"\n\n<p>La Universidad de Chipre participa en MINETOUR a trav\\u00e9s del Laboratorio de Ingenier\\u00eda de Software y Tecnolog\\u00edas de Internet (SEIT), parte integral del Departamento de Ciencias de la Computaci\\u00f3n. SEIT centra sus actividades de investigaci\\u00f3n en dos \\u00e1reas importantes de la tecnolog\\u00eda de la informaci\\u00f3n: la ingenier\\u00eda de software y las tecnolog\\u00edas de Internet. En la segunda \\u00e1rea, el Laboratorio concentra su experiencia en el desarrollo de entornos, plataformas y herramientas de creatividad y aprendizaje mejorados basados en las TIC. SEIT tiene una amplia experiencia en el \\u00e1rea de la aplicaci\\u00f3n de las TIC al Aprendizaje Mejorado por Tecnolog\\u00eda (e-Learning, m-Learning, Blended Learning y Open and Distance Learning) en general, as\\u00ed como al Life Long Learning en particular. Esta experiencia es tanto a nivel t\\u00e9cnico como en el desarrollo de pol\\u00edticas y marcos de calificaci\\u00f3n para tales actividades.<\\\/p>\",\"content_column_breakpoint\":\"m\",\"icon_width\":80,\"image\":\"wp-content\\\/uploads\\\/2024\\\/04\\\/university-of-Cyprus.png\",\"image_align\":\"top\",\"image_alt\":\"university-of-Cyprus\",\"image_grid_breakpoint\":\"m\",\"image_grid_width\":\"1-2\",\"image_svg_color\":\"emphasis\",\"link\":\"https:\\\/\\\/www.ucy.ac.cy\\\/?lang=en\",\"link_margin\":\"medium\",\"link_style\":\"secondary\",\"link_target\":true,\"link_text\":\"Sitio web\",\"margin\":\"default\",\"meta_align\":\"below-title\",\"meta_element\":\"div\",\"meta_style\":\"text-meta\",\"panel_padding\":\"small\",\"panel_style\":\"card-default\",\"title_align\":\"top\",\"title_element\":\"h3\",\"title_grid_breakpoint\":\"m\",\"title_grid_width\":\"1-2\",\"title_hover_style\":\"reset\"}}]}]}]},{\"type\":\"section\",\"props\":{\"animation\":\"slide-bottom-medium\",\"animation_delay\":\"100\",\"header_transparent\":false,\"height\":\"section\",\"height_viewport\":100,\"id\":\"sectionOverview\",\"image_position\":\"bottom-center\",\"media_focal_point\":\"bottom-center\",\"padding_remove_top\":true,\"style\":\"default\",\"title_breakpoint\":\"xl\",\"title_position\":\"top-left\",\"title_rotation\":\"left\",\"vertical_align\":\"\",\"width\":\"default\"},\"children\":[{\"type\":\"row\",\"children\":[{\"type\":\"column\",\"props\":{\"image_position\":\"center-center\",\"position_sticky_breakpoint\":\"m\"},\"children\":[{\"type\":\"headline\",\"props\":{\"animation\":\"slide-left-medium\",\"block_align_breakpoint\":\"l\",\"block_align_fallback\":\"center\",\"class\":\"th--page-headings\",\"content\":\"University of Cyprus\",\"link\":\"https:\\\/\\\/www.ucy.ac.cy\\\/?lang=en\",\"link_target\":true,\"maxwidth\":\"medium\",\"maxwidth_breakpoint\":\"xl\",\"status\":\"disabled\",\"title_color\":\"success\",\"title_element\":\"h3\",\"title_style\":\"h3\"}},{\"type\":\"divider\",\"props\":{\"class\":\"uk-invisible\",\"divider_element\":\"hr\",\"status\":\"disabled\"}}]}]}],\"name\":\"University of Cyprus\"},{\"type\":\"section\",\"props\":{\"animation\":\"slide-bottom-medium\",\"animation_delay\":\"100\",\"header_transparent\":false,\"height\":\"section\",\"height_viewport\":100,\"id\":\"sectionOverview\",\"image_position\":\"bottom-center\",\"media_focal_point\":\"bottom-center\",\"style\":\"default\",\"title_breakpoint\":\"xl\",\"title_position\":\"top-left\",\"title_rotation\":\"left\",\"vertical_align\":\"\",\"width\":\"default\"},\"children\":[{\"type\":\"row\",\"children\":[{\"type\":\"column\",\"props\":{\"image_position\":\"center-center\",\"position_sticky_breakpoint\":\"m\"},\"children\":[{\"type\":\"headline\",\"props\":{\"animation\":\"slide-left-medium\",\"block_align_breakpoint\":\"l\",\"block_align_fallback\":\"center\",\"class\":\"th--page-headings\",\"content\":\"University of Cyprus\",\"link\":\"https:\\\/\\\/www.ucy.ac.cy\\\/?lang=en\",\"link_target\":true,\"maxwidth\":\"medium\",\"maxwidth_breakpoint\":\"xl\",\"status\":\"disabled\",\"title_color\":\"success\",\"title_element\":\"h3\",\"title_style\":\"h3\"}},{\"type\":\"divider\",\"props\":{\"class\":\"uk-invisible\",\"divider_element\":\"hr\",\"status\":\"disabled\"}}]}]},{\"type\":\"row\",\"props\":{\"alignment\":\"left\",\"width\":\"small\"},\"children\":[{\"type\":\"column\",\"props\":{\"image_position\":\"center-center\",\"position_sticky_breakpoint\":\"m\"},\"children\":[{\"type\":\"panel\",\"props\":{\"content\":\"\n\n<p>Learning Seed es una organizaci\\u00f3n de educaci\\u00f3n no formal y de la sociedad civil, con sede en Argos, Peloponeso, Grecia. Nuestra visi\\u00f3n es inspirar a la comunidad local para que adopte nuestras ideas y se una a nuestro esfuerzo por una sociedad mejor educada e inclusiva, con aprendizaje permanente. Nuestro objetivo es implementar y desarrollar enfoques de educaci\\u00f3n no formal y promover el aprendizaje permanente en los j\\u00f3venes, la educaci\\u00f3n y formaci\\u00f3n profesional (FP) y la educaci\\u00f3n de adultos. Nuestro objetivo es activar la sociedad civil y abordar la exclusi\\u00f3n social brindando apoyo pr\\u00e1ctico a grupos socialmente vulnerables y marginados, as\\u00ed como a personas necesitadas. A trav\\u00e9s de capacitaciones altamente atractivas, nos esforzamos por establecer un acceso equitativo a las oportunidades de educaci\\u00f3n y capacitaci\\u00f3n, empoderando a las personas y promoviendo la inclusi\\u00f3n.<\\\/p>\",\"content_column_breakpoint\":\"m\",\"icon_width\":80,\"image\":\"wp-content\\\/uploads\\\/2024\\\/04\\\/learning-seed-Green_center_white.png\",\"image_align\":\"top\",\"image_alt\":\"learning-seed\",\"image_grid_breakpoint\":\"m\",\"image_grid_width\":\"1-2\",\"image_svg_color\":\"emphasis\",\"image_width\":220,\"link\":\"https:\\\/\\\/learningseed.eu\\\/\",\"link_margin\":\"medium\",\"link_style\":\"secondary\",\"link_target\":true,\"link_text\":\"Sitio web\",\"margin\":\"default\",\"meta_align\":\"below-title\",\"meta_element\":\"div\",\"meta_style\":\"text-meta\",\"panel_padding\":\"small\",\"panel_style\":\"card-default\",\"title_align\":\"top\",\"title_element\":\"h3\",\"title_grid_breakpoint\":\"m\",\"title_grid_width\":\"1-2\",\"title_hover_style\":\"reset\"}}]}]}],\"name\":\"LEARNING SEED\"},{\"type\":\"section\",\"props\":{\"animation\":\"slide-bottom-medium\",\"animation_delay\":\"100\",\"header_transparent\":false,\"height\":\"section\",\"height_viewport\":100,\"id\":\"sectionOverview\",\"image_position\":\"bottom-center\",\"media_focal_point\":\"bottom-center\",\"style\":\"default\",\"title_breakpoint\":\"xl\",\"title_position\":\"top-left\",\"title_rotation\":\"left\",\"vertical_align\":\"\",\"width\":\"default\"},\"children\":[{\"type\":\"row\",\"children\":[{\"type\":\"column\",\"props\":{\"image_position\":\"center-center\",\"position_sticky_breakpoint\":\"m\"},\"children\":[{\"type\":\"headline\",\"props\":{\"animation\":\"slide-left-medium\",\"block_align_breakpoint\":\"l\",\"block_align_fallback\":\"center\",\"class\":\"th--page-headings\",\"content\":\"University of Cyprus\",\"link\":\"https:\\\/\\\/www.ucy.ac.cy\\\/?lang=en\",\"link_target\":true,\"maxwidth\":\"medium\",\"maxwidth_breakpoint\":\"xl\",\"status\":\"disabled\",\"title_color\":\"success\",\"title_element\":\"h3\",\"title_style\":\"h3\"}},{\"type\":\"divider\",\"props\":{\"class\":\"uk-invisible\",\"divider_element\":\"hr\",\"status\":\"disabled\"}}]}]},{\"type\":\"row\",\"props\":{\"alignment\":\"left\",\"width\":\"small\"},\"children\":[{\"type\":\"column\",\"props\":{\"image_position\":\"center-center\",\"position_sticky_breakpoint\":\"m\"},\"children\":[{\"type\":\"panel\",\"props\":{\"content\":\"\n\n<p>CARDET es el centro de investigaci\\u00f3n y desarrollo l\\u00edder en la regi\\u00f3n mediterr\\u00e1nea con experiencia global en educaci\\u00f3n, habilidades digitales y desarrollo de capacidades. Como el centro independiente sin fines de lucro m\\u00e1s grande con sede en Chipre, CARDET est\\u00e1 afiliado de forma independiente a universidades e instituciones de todo el mundo, como la Universidad de Yale, la Universidad de Nicosia y el Consejo Internacional de Medios Educativos. CARDET ha completado m\\u00e1s de 400 proyectos relacionados con habilidades digitales, inclusi\\u00f3n, nuevas tecnolog\\u00edas, gamificaci\\u00f3n, v\\u00edas de mejora de habilidades, innovaci\\u00f3n y emprendimiento.<\\\/p>\",\"content_column_breakpoint\":\"m\",\"icon_width\":80,\"image\":\"wp-content\\\/uploads\\\/2024\\\/04\\\/CARDET_logoWhite-44811f17.webp\",\"image_align\":\"top\",\"image_alt\":\"CARDET\",\"image_grid_breakpoint\":\"m\",\"image_grid_width\":\"1-2\",\"image_svg_color\":\"emphasis\",\"image_width\":250,\"link\":\"https:\\\/\\\/cardet.org\\\/\",\"link_margin\":\"medium\",\"link_style\":\"secondary\",\"link_target\":true,\"link_text\":\"Sitio web\",\"margin\":\"default\",\"meta_align\":\"below-title\",\"meta_element\":\"div\",\"meta_style\":\"text-meta\",\"panel_padding\":\"small\",\"panel_style\":\"card-default\",\"title_align\":\"top\",\"title_element\":\"h3\",\"title_grid_breakpoint\":\"m\",\"title_grid_width\":\"1-2\",\"title_hover_style\":\"reset\"}}]}]}],\"name\":\"CARDET\"},{\"type\":\"section\",\"props\":{\"animation\":\"slide-bottom-medium\",\"animation_delay\":\"100\",\"header_transparent\":false,\"height\":\"section\",\"height_viewport\":100,\"id\":\"sectionOverview\",\"image_position\":\"bottom-center\",\"media_focal_point\":\"bottom-center\",\"style\":\"default\",\"title_breakpoint\":\"xl\",\"title_position\":\"top-left\",\"title_rotation\":\"left\",\"vertical_align\":\"\",\"width\":\"default\"},\"children\":[{\"type\":\"row\",\"children\":[{\"type\":\"column\",\"props\":{\"image_position\":\"center-center\",\"position_sticky_breakpoint\":\"m\"},\"children\":[{\"type\":\"headline\",\"props\":{\"animation\":\"slide-left-medium\",\"block_align_breakpoint\":\"l\",\"block_align_fallback\":\"center\",\"class\":\"th--page-headings\",\"content\":\"University of Cyprus\",\"link\":\"https:\\\/\\\/www.ucy.ac.cy\\\/?lang=en\",\"link_target\":true,\"maxwidth\":\"medium\",\"maxwidth_breakpoint\":\"xl\",\"status\":\"disabled\",\"title_color\":\"success\",\"title_element\":\"h3\",\"title_style\":\"h3\"}},{\"type\":\"divider\",\"props\":{\"class\":\"uk-invisible\",\"divider_element\":\"hr\",\"status\":\"disabled\"}}]}]},{\"type\":\"row\",\"props\":{\"alignment\":\"left\",\"width\":\"small\"},\"children\":[{\"type\":\"column\",\"props\":{\"image_position\":\"center-center\",\"position_sticky_breakpoint\":\"m\"},\"children\":[{\"type\":\"panel\",\"props\":{\"content\":\"\n\n<p>ATERMON es una empresa de TI que se centra en usos inteligentes de tecnolog\\u00edas y herramientas de aprendizaje basado en juegos y Web 3.0, creando soluciones que pueden ofrecer experiencias de aprendizaje duraderas de valor pr\\u00e1ctico real. Nuestra misi\\u00f3n es estar a la vanguardia de la investigaci\\u00f3n aplicada en tecnolog\\u00edas y herramientas emergentes, actualmente utilizadas mayoritariamente por grandes multinacionales aprovechando las posibilidades de personalizaci\\u00f3n que ofrece la Web 2.0\\\/3.0.<\\\/p>\",\"content_column_breakpoint\":\"m\",\"icon_width\":80,\"image\":\"wp-content\\\/uploads\\\/2024\\\/04\\\/atermon-logo.png\",\"image_align\":\"top\",\"image_alt\":\"atermon\",\"image_grid_breakpoint\":\"m\",\"image_grid_width\":\"1-2\",\"image_svg_color\":\"emphasis\",\"image_width\":250,\"link\":\"https:\\\/\\\/atermon.nl\\\/\",\"link_margin\":\"medium\",\"link_style\":\"secondary\",\"link_target\":true,\"link_text\":\"Sitio web\",\"margin\":\"default\",\"meta_align\":\"below-title\",\"meta_element\":\"div\",\"meta_style\":\"text-meta\",\"panel_padding\":\"small\",\"panel_style\":\"card-default\",\"title_align\":\"top\",\"title_element\":\"h3\",\"title_grid_breakpoint\":\"m\",\"title_grid_width\":\"1-2\",\"title_hover_style\":\"reset\"}}]}]}],\"name\":\"ATERMON\"},{\"type\":\"section\",\"props\":{\"animation\":\"slide-bottom-medium\",\"animation_delay\":\"100\",\"header_transparent\":false,\"height\":\"section\",\"height_viewport\":100,\"id\":\"sectionOverview\",\"image_position\":\"bottom-center\",\"media_focal_point\":\"bottom-center\",\"style\":\"default\",\"title_breakpoint\":\"xl\",\"title_position\":\"top-left\",\"title_rotation\":\"left\",\"vertical_align\":\"\",\"width\":\"default\"},\"children\":[{\"type\":\"row\",\"children\":[{\"type\":\"column\",\"props\":{\"image_position\":\"center-center\",\"position_sticky_breakpoint\":\"m\"},\"children\":[{\"type\":\"headline\",\"props\":{\"animation\":\"slide-left-medium\",\"block_align_breakpoint\":\"l\",\"block_align_fallback\":\"center\",\"class\":\"th--page-headings\",\"content\":\"University of Cyprus\",\"link\":\"https:\\\/\\\/www.ucy.ac.cy\\\/?lang=en\",\"link_target\":true,\"maxwidth\":\"medium\",\"maxwidth_breakpoint\":\"xl\",\"status\":\"disabled\",\"title_color\":\"success\",\"title_element\":\"h3\",\"title_style\":\"h3\"}},{\"type\":\"divider\",\"props\":{\"class\":\"uk-invisible\",\"divider_element\":\"hr\",\"status\":\"disabled\"}}]}]},{\"type\":\"row\",\"props\":{\"alignment\":\"left\",\"width\":\"small\"},\"children\":[{\"type\":\"column\",\"props\":{\"image_position\":\"center-center\",\"position_sticky_breakpoint\":\"m\"},\"children\":[{\"type\":\"panel\",\"props\":{\"content\":\"\n\n<p>Asociaci\\u00f3n CON VALORES es la primera incubadora de personas en riesgo de exclusi\\u00f3n apoyada por el mundo empresarial. A trav\\u00e9s de un innovador y disruptivo programa de incubaci\\u00f3n de 5 meses pretendemos ayudar a personas en situaciones complicadas a generar sus ingresos. Nuestros mentores son profesionales con mucha experiencia en la creaci\\u00f3n de empresas que han decidido donar su tiempo y conocimientos para apoyar a personas en riesgo de exclusi\\u00f3n y todos juntos colaboramos para generar autoempleo e impacto social.<\\\/p>\",\"content_column_breakpoint\":\"m\",\"icon_width\":80,\"image\":\"wp-content\\\/uploads\\\/2024\\\/04\\\/INCUBADORA-ORANGE.png\",\"image_align\":\"top\",\"image_alt\":\"Asociacion CON VALORES\",\"image_grid_breakpoint\":\"m\",\"image_grid_width\":\"1-2\",\"image_svg_color\":\"emphasis\",\"image_width\":250,\"link\":\"https:\\\/\\\/cvalores.org\\\/\",\"link_margin\":\"medium\",\"link_style\":\"secondary\",\"link_target\":true,\"link_text\":\"Sitio web\",\"margin\":\"default\",\"meta_align\":\"below-title\",\"meta_element\":\"div\",\"meta_style\":\"text-meta\",\"panel_padding\":\"small\",\"panel_style\":\"card-default\",\"title_align\":\"top\",\"title_element\":\"h3\",\"title_grid_breakpoint\":\"m\",\"title_grid_width\":\"1-2\",\"title_hover_style\":\"reset\"}}]}]}],\"name\":\"Asociacion CON VALORES\"},{\"type\":\"section\",\"props\":{\"animation\":\"slide-bottom-medium\",\"animation_delay\":\"100\",\"header_transparent\":false,\"height\":\"section\",\"height_viewport\":100,\"image_position\":\"bottom-center\",\"media_focal_point\":\"bottom-center\",\"style\":\"default\",\"title_breakpoint\":\"xl\",\"title_position\":\"top-left\",\"title_rotation\":\"left\",\"vertical_align\":\"\",\"width\":\"default\"},\"children\":[{\"type\":\"row\",\"children\":[{\"type\":\"column\",\"props\":{\"image_position\":\"center-center\",\"position_sticky_breakpoint\":\"m\"},\"children\":[{\"type\":\"headline\",\"props\":{\"animation\":\"slide-left-medium\",\"block_align_breakpoint\":\"l\",\"block_align_fallback\":\"center\",\"class\":\"th--page-headings\",\"content\":\"University of Cyprus\",\"link\":\"https:\\\/\\\/www.ucy.ac.cy\\\/?lang=en\",\"link_target\":true,\"maxwidth\":\"medium\",\"maxwidth_breakpoint\":\"xl\",\"status\":\"disabled\",\"title_color\":\"success\",\"title_element\":\"h3\",\"title_style\":\"h3\"}},{\"type\":\"divider\",\"props\":{\"class\":\"uk-invisible\",\"divider_element\":\"hr\",\"status\":\"disabled\"}}]}]},{\"type\":\"row\",\"props\":{\"alignment\":\"left\",\"width\":\"small\"},\"children\":[{\"type\":\"column\",\"props\":{\"image_position\":\"center-center\",\"position_sticky_breakpoint\":\"m\"},\"children\":[{\"type\":\"panel\",\"props\":{\"content\":\"\n\n<p>INCDT es el instituto nacional de investigaci\\u00f3n en el campo del turismo en Rumania y la instituci\\u00f3n l\\u00edder en investigaci\\u00f3n fundamental y aplicada para el desarrollo y promoci\\u00f3n del turismo rumano. Nuestra misi\\u00f3n es brindar continuamente asistencia especializada a operadores tur\\u00edsticos p\\u00fablicos y privados, apoyar la pol\\u00edtica tur\\u00edstica y la toma de decisiones de las autoridades locales, regionales y centrales sobre la oferta y la demanda tur\\u00edstica y promover la innovaci\\u00f3n en el turismo a todos los niveles. Nuestra experiencia previa en el desarrollo de cientos de estudios, estrategias y planes tur\\u00edsticos garantiza nuestra capacidad para evaluar la calidad de los resultados dentro del proyecto MINETOUR.<\\\/p>\",\"content_column_breakpoint\":\"m\",\"icon_width\":80,\"image\":\"wp-content\\\/uploads\\\/2024\\\/04\\\/logio-incdt-o-logo_.jpg\",\"image_align\":\"top\",\"image_alt\":\"Institutul Na\\u0163ional de Cercetare - Dezvoltare \\u00een Turism \\u2013 INCDT\",\"image_grid_breakpoint\":\"m\",\"image_grid_width\":\"1-2\",\"image_svg_color\":\"emphasis\",\"image_width\":250,\"link\":\"https:\\\/\\\/incdt.ro\\\/\",\"link_margin\":\"medium\",\"link_style\":\"secondary\",\"link_target\":true,\"link_text\":\"Sitio web\",\"margin\":\"default\",\"meta_align\":\"below-title\",\"meta_element\":\"div\",\"meta_style\":\"text-meta\",\"panel_padding\":\"small\",\"panel_style\":\"card-default\",\"title_align\":\"top\",\"title_element\":\"h3\",\"title_grid_breakpoint\":\"m\",\"title_grid_width\":\"1-2\",\"title_hover_style\":\"reset\"}}]}]}],\"name\":\"INCT\"}],\"version\":\"4.3.6\"} --><\/p>\n","protected":false},"excerpt":{"rendered":"<p>La Universidad de Chipre participa en MINETOUR a trav\u00e9s del Laboratorio de Ingenier\u00eda de Software y Tecnolog\u00edas de Internet (SEIT), parte integral del Departamento de..<\/p>\n","protected":false},"author":1,"featured_media":0,"parent":0,"menu_order":0,"comment_status":"closed","ping_status":"closed","template":"","meta":{"_acf_changed":false,"inline_featured_image":false,"footnotes":""},"class_list":["post-531","page","type-page","status-publish","hentry"],"acf":[],"_links":{"self":[{"href":"https:\/\/minetour.eu\/es\/wp-json\/wp\/v2\/pages\/531","targetHints":{"allow":["GET"]}}],"collection":[{"href":"https:\/\/minetour.eu\/es\/wp-json\/wp\/v2\/pages"}],"about":[{"href":"https:\/\/minetour.eu\/es\/wp-json\/wp\/v2\/types\/page"}],"author":[{"embeddable":true,"href":"https:\/\/minetour.eu\/es\/wp-json\/wp\/v2\/users\/1"}],"replies":[{"embeddable":true,"href":"https:\/\/minetour.eu\/es\/wp-json\/wp\/v2\/comments?post=531"}],"version-history":[{"count":3,"href":"https:\/\/minetour.eu\/es\/wp-json\/wp\/v2\/pages\/531\/revisions"}],"predecessor-version":[{"id":534,"href":"https:\/\/minetour.eu\/es\/wp-json\/wp\/v2\/pages\/531\/revisions\/534"}],"wp:attachment":[{"href":"https:\/\/minetour.eu\/es\/wp-json\/wp\/v2\/media?parent=531"}],"curies":[{"name":"wp","href":"https:\/\/api.w.org\/{rel}","templated":true}]}}