{"id":470,"date":"2024-03-29T09:31:34","date_gmt":"2024-03-29T07:31:34","guid":{"rendered":"https:\/\/minetour.eu\/e-learning\/"},"modified":"2025-07-30T12:18:01","modified_gmt":"2025-07-30T10:18:01","slug":"e-learning","status":"publish","type":"page","link":"https:\/\/minetour.eu\/es\/e-learning\/","title":{"rendered":"E-Learning"},"content":{"rendered":"<hr>\n<div>\n<div>\n<p>El consorcio del proyecto ha desarrollado un compendio de recursos y actividades de aprendizaje centrados en el compromiso c\u00edvico y la alfabetizaci\u00f3n digital entre los j\u00f3venes. Utilizando herramientas como el Mapa Interactivo, los participantes son guiados en la promoci\u00f3n del turismo local. La iniciativa integra estrat\u00e9gicamente pr\u00e1cticas de turismo sostenible utilizando el juego Minecraft, con el objetivo de impulsar el crecimiento econ\u00f3mico y el desarrollo comunitario en \u00e1reas rurales, al tiempo que mejora activamente las habilidades digitales en regiones con acceso limitado, contribuyendo as\u00ed al bienestar social y econ\u00f3mico de las comunidades rurales.<\/p>\n<\/div>\n<p><a href=\"#0\">Visita la plataforma<\/a><\/p>\n<\/div>\n<p><!--more--><br \/>\n<!-- {\"type\":\"layout\",\"children\":[{\"type\":\"section\",\"props\":{\"animation\":\"slide-bottom-medium\",\"animation_delay\":\"100\",\"header_transparent\":false,\"height\":\"viewport\",\"height_viewport\":100,\"image_position\":\"bottom-center\",\"media_focal_point\":\"bottom-center\",\"style\":\"default\",\"title_breakpoint\":\"xl\",\"title_position\":\"top-left\",\"title_rotation\":\"left\",\"vertical_align\":\"\",\"width\":\"default\"},\"children\":[{\"type\":\"row\",\"children\":[{\"type\":\"column\",\"props\":{\"image_position\":\"center-center\",\"position_sticky_breakpoint\":\"m\"},\"children\":[{\"type\":\"headline\",\"props\":{\"animation\":\"slide-left-medium\",\"block_align_breakpoint\":\"l\",\"block_align_fallback\":\"center\",\"class\":\"th--page-headings\",\"id\":\"th--heading-elearning\",\"maxwidth\":\"xlarge\",\"maxwidth_breakpoint\":\"l\",\"title_color\":\"success\",\"title_element\":\"h1\",\"title_style\":\"heading-small\"},\"source\":{\"query\":{\"name\":\"pages.singlePage\"},\"props\":{\"content\":{\"filters\":{\"search\":\"\"},\"name\":\"title\"}}}},{\"type\":\"divider\",\"props\":{\"class\":\"uk-invisible\",\"divider_element\":\"hr\"}}]}]},{\"type\":\"row\",\"props\":{\"alignment\":\"left\",\"width\":\"small\"},\"children\":[{\"type\":\"column\",\"props\":{\"image_position\":\"center-center\",\"position_sticky_breakpoint\":\"m\"},\"children\":[{\"type\":\"panel\",\"props\":{\"content\":\"\n\n<p>El consorcio del proyecto ha desarrollado un compendio de recursos y actividades de aprendizaje centrados en el compromiso c\\u00edvico y la alfabetizaci\\u00f3n digital entre los j\\u00f3venes. Utilizando herramientas como el Mapa Interactivo, los participantes son guiados en la promoci\\u00f3n del turismo local. La iniciativa integra estrat\\u00e9gicamente pr\\u00e1cticas de turismo sostenible utilizando el juego Minecraft, con el objetivo de impulsar el crecimiento econ\\u00f3mico y el desarrollo comunitario en \\u00e1reas rurales, al tiempo que mejora activamente las habilidades digitales en regiones con acceso limitado, contribuyendo as\\u00ed al bienestar social y econ\\u00f3mico de las comunidades rurales.<\\\/p>\",\"content_column_breakpoint\":\"m\",\"icon_width\":80,\"image_align\":\"top\",\"image_grid_breakpoint\":\"m\",\"image_grid_width\":\"1-2\",\"image_svg_color\":\"emphasis\",\"link\":\"#0\",\"link_aria_label\":\"https:\\\/\\\/minetour.erasmusplus.space\\\/\",\"link_style\":\"secondary\",\"link_target\":true,\"link_text\":\"Visita la plataforma\",\"margin\":\"default\",\"meta_align\":\"below-title\",\"meta_element\":\"div\",\"meta_style\":\"text-meta\",\"panel_padding\":\"small\",\"panel_style\":\"card-default\",\"title_align\":\"top\",\"title_element\":\"h3\",\"title_grid_breakpoint\":\"m\",\"title_grid_width\":\"1-2\",\"title_hover_style\":\"reset\"}}]}]}]}],\"version\":\"4.3.6\"} --><\/p>\n","protected":false},"excerpt":{"rendered":"<p>El consorcio del proyecto ha desarrollado un compendio de recursos y actividades de aprendizaje centrados en el compromiso c\u00edvico y la alfabetizaci\u00f3n digital entre los..<\/p>\n","protected":false},"author":1,"featured_media":0,"parent":0,"menu_order":0,"comment_status":"closed","ping_status":"closed","template":"","meta":{"_acf_changed":false,"inline_featured_image":false,"footnotes":""},"class_list":["post-470","page","type-page","status-publish","hentry"],"acf":[],"_links":{"self":[{"href":"https:\/\/minetour.eu\/es\/wp-json\/wp\/v2\/pages\/470","targetHints":{"allow":["GET"]}}],"collection":[{"href":"https:\/\/minetour.eu\/es\/wp-json\/wp\/v2\/pages"}],"about":[{"href":"https:\/\/minetour.eu\/es\/wp-json\/wp\/v2\/types\/page"}],"author":[{"embeddable":true,"href":"https:\/\/minetour.eu\/es\/wp-json\/wp\/v2\/users\/1"}],"replies":[{"embeddable":true,"href":"https:\/\/minetour.eu\/es\/wp-json\/wp\/v2\/comments?post=470"}],"version-history":[{"count":2,"href":"https:\/\/minetour.eu\/es\/wp-json\/wp\/v2\/pages\/470\/revisions"}],"predecessor-version":[{"id":915,"href":"https:\/\/minetour.eu\/es\/wp-json\/wp\/v2\/pages\/470\/revisions\/915"}],"wp:attachment":[{"href":"https:\/\/minetour.eu\/es\/wp-json\/wp\/v2\/media?parent=470"}],"curies":[{"name":"wp","href":"https:\/\/api.w.org\/{rel}","templated":true}]}}