{"id":462,"date":"2024-04-02T10:36:28","date_gmt":"2024-04-02T08:36:28","guid":{"rendered":"https:\/\/minetour.eu\/about\/"},"modified":"2025-08-04T11:00:17","modified_gmt":"2025-08-04T09:00:17","slug":"about","status":"publish","type":"page","link":"https:\/\/minetour.eu\/es\/about\/","title":{"rendered":"Acerca de"},"content":{"rendered":"<h1>ACERCA DE<\/h1>\n<hr>\n<div>\n<div>\n<p>La tasa general de participaci\u00f3n juvenil en actividades de voluntariado en toda la Uni\u00f3n Europea es s\u00f3lo del 16,8%, con tasas m\u00e1s bajas en las zonas rurales. Las zonas rurales a menudo enfrentan oportunidades econ\u00f3micas limitadas, niveles m\u00e1s altos de pobreza y desempleo en comparaci\u00f3n con las zonas urbanas. Adem\u00e1s, a menudo poseen un patrimonio cultural \u00fanico que corre el riesgo de perderse u olvidarse. El patrimonio cultural es un activo valioso para el desarrollo rural y puede contribuir al bienestar social y econ\u00f3mico.<\/p>\n<p>Existe una gran necesidad de apoyar el desarrollo rural a trav\u00e9s del turismo local y la promoci\u00f3n del patrimonio cultural para el crecimiento econ\u00f3mico, la creaci\u00f3n de empleo y el desarrollo comunitario. Es esencial mejorar las habilidades digitales, especialmente en zonas rurales con acceso limitado, junto con promover pr\u00e1cticas de turismo sostenible que respondan a la necesidad tanto del desarrollo del turismo sostenible como de la preservaci\u00f3n del patrimonio cultural.<\/p>\n<p><iframe loading=\"lazy\" width=\"100%\" height=\"315\" src=\"https:\/\/www.youtube.com\/embed\/1jqVwBVnyvw?si=idm-R4FZPyHHZlT-\" title=\"YouTube video player\" frameborder=\"0\" allow=\"accelerometer; autoplay; clipboard-write; encrypted-media; gyroscope; picture-in-picture; web-share\" referrerpolicy=\"strict-origin-when-cross-origin\" allowfullscreen><\/iframe><\/div>\n<\/div>\n<h1>METODOLOG\u00cdA<\/h1>\n<hr>\n<div>\n<div>\n<p>MINEtour aborda la necesidad imperativa de desarrollo rural centr\u00e1ndose en dos aspectos clave: mejorar las habilidades digitales entre los j\u00f3venes y promover pr\u00e1cticas de turismo sostenible.<\/p>\n<p>El consorcio del proyecto ha desarrollado un compendio de recursos y actividades de aprendizaje centrados en el compromiso c\u00edvico y la alfabetizaci\u00f3n digital entre los j\u00f3venes. Utilizando herramientas como el Mapa Interactivo, los participantes son guiados en la promoci\u00f3n del turismo local. La iniciativa integra estrat\u00e9gicamente pr\u00e1cticas de turismo sostenible utilizando el juego Minecraft, con el objetivo de impulsar el crecimiento econ\u00f3mico y el desarrollo comunitario en \u00e1reas rurales, al tiempo que mejora activamente las habilidades digitales en regiones con acceso limitado, contribuyendo as\u00ed al bienestar social y econ\u00f3mico de las comunidades rurales.<\/p>\n<\/div>\n<\/div>\n<h1>Resultados<\/h1>\n<hr>\n<div>\n<div>\n<p><span style=\"font-weight: 400;\"><strong>(1) Un conjunto de herramientas para j\u00f3venes:<\/strong> un conjunto de materiales modulares destinados a motivar a los j\u00f3venes a volverse activos aprendiendo c\u00f3mo promocionar tur\u00edsticamente sus ciudades de origen utilizando medios digitales.<\/span><\/p>\n<p><span style=\"font-weight: 400;\"><strong>(2) Turismo a trav\u00e9s de Minecraft Worlds:<\/strong> Un juego que promueve desaf\u00edos sobre la diversidad cultural en zonas rurales para aumentar el sentido de respeto y responsabilidad.<\/span><\/p>\n<p><span style=\"font-weight: 400;\"><strong>(3) MINEtour Interactive Map:<\/strong> una plataforma para que los j\u00f3venes creen sus propios portafolios tur\u00edsticos electr\u00f3nicos promocionando su ciudad natal. hometown.<\/span><\/p>\n<\/div>\n<\/div>\n<h3>FINALIDAD Y OBJETIVOS<\/h3>\n<div>\n<div>\n<ul>\n<li><span style=\"font-weight: 400;\">Alentar a los j\u00f3venes de las zonas rurales a participar en el desarrollo y promoci\u00f3n del turismo local, convirti\u00e9ndose en ciudadanos activos y orgullosos de sus propios lugares de origen.<\/span><\/li>\n<li><span style=\"font-weight: 400;\">Dotarlos de herramientas digitales para una promoci\u00f3n y un compromiso efectivos con la sociedad civil.<\/span><\/li>\n<li><span style=\"font-weight: 400;\">Proporcionar los recursos y redes necesarios para mostrar las ciudades de origen y fomentar el turismo local.<\/span><\/li>\n<li><span style=\"font-weight: 400;\">Promover el intercambio intercultural y la colaboraci\u00f3n entre los j\u00f3venes rurales de Europa.<\/span><\/li>\n<li><span style=\"font-weight: 400;\">Crear conciencia sobre pr\u00e1cticas tur\u00edsticas sostenibles y socialmente responsables.<\/span><\/li>\n<\/ul>\n<\/div>\n<\/div>\n<p><!--more--><br \/>\n<!-- {\"type\":\"layout\",\"children\":[{\"type\":\"section\",\"props\":{\"animation\":\"slide-bottom-medium\",\"animation_delay\":\"100\",\"header_transparent\":false,\"height\":\"section\",\"height_viewport\":100,\"id\":\"sectionOverview\",\"image_position\":\"bottom-center\",\"media_focal_point\":\"bottom-center\",\"style\":\"default\",\"title_breakpoint\":\"xl\",\"title_position\":\"top-left\",\"title_rotation\":\"left\",\"vertical_align\":\"\",\"width\":\"default\"},\"children\":[{\"type\":\"row\",\"children\":[{\"type\":\"column\",\"props\":{\"image_position\":\"center-center\",\"position_sticky_breakpoint\":\"m\"},\"children\":[{\"type\":\"headline\",\"props\":{\"animation\":\"slide-left-medium\",\"block_align_breakpoint\":\"l\",\"block_align_fallback\":\"center\",\"class\":\"th--page-headings\",\"content\":\"ACERCA DE\",\"id\":\"th--heading-overview\",\"maxwidth\":\"medium\",\"maxwidth_breakpoint\":\"l\",\"title_color\":\"success\",\"title_element\":\"h1\",\"title_style\":\"heading-small\"},\"source\":{\"query\":{\"name\":\"pages.singlePage\"}}},{\"type\":\"divider\",\"props\":{\"class\":\"uk-invisible\",\"divider_element\":\"hr\"}}]}]},{\"type\":\"row\",\"props\":{\"alignment\":\"left\",\"width\":\"small\"},\"children\":[{\"type\":\"column\",\"props\":{\"image_position\":\"center-center\",\"position_sticky_breakpoint\":\"m\"},\"children\":[{\"type\":\"panel\",\"props\":{\"content\":\"\n\n<p>La tasa general de participaci\\u00f3n juvenil en actividades de voluntariado en toda la Uni\\u00f3n Europea es s\\u00f3lo del 16,8%, con tasas m\\u00e1s bajas en las zonas rurales. Las zonas rurales a menudo enfrentan oportunidades econ\\u00f3micas limitadas, niveles m\\u00e1s altos de pobreza y desempleo en comparaci\\u00f3n con las zonas urbanas. Adem\\u00e1s, a menudo poseen un patrimonio cultural \\u00fanico que corre el riesgo de perderse u olvidarse. El patrimonio cultural es un activo valioso para el desarrollo rural y puede contribuir al bienestar social y econ\\u00f3mico.<\\\/p>\\n\n\n<p>Existe una gran necesidad de apoyar el desarrollo rural a trav\\u00e9s del turismo local y la promoci\\u00f3n del patrimonio cultural para el crecimiento econ\\u00f3mico, la creaci\\u00f3n de empleo y el desarrollo comunitario. Es esencial mejorar las habilidades digitales, especialmente en zonas rurales con acceso limitado, junto con promover pr\\u00e1cticas de turismo sostenible que respondan a la necesidad tanto del desarrollo del turismo sostenible como de la preservaci\\u00f3n del patrimonio cultural.<\\\/p>\\n<iframe width=\\\"100%\\\" height=\\\"315\\\" src=\\\"https:\\\/\\\/www.youtube.com\\\/embed\\\/1jqVwBVnyvw?si=idm-R4FZPyHHZlT-\\\" title=\\\"YouTube video player\\\" frameborder=\\\"0\\\" allow=\\\"accelerometer; autoplay; clipboard-write; encrypted-media; gyroscope; picture-in-picture; web-share\\\" referrerpolicy=\\\"strict-origin-when-cross-origin\\\" allowfullscreen><\\\/iframe>\",\"content_column_breakpoint\":\"m\",\"icon_width\":80,\"image_align\":\"top\",\"image_grid_breakpoint\":\"m\",\"image_grid_width\":\"1-2\",\"image_svg_color\":\"emphasis\",\"link_style\":\"default\",\"link_text\":\"Read more\",\"margin\":\"default\",\"meta_align\":\"below-title\",\"meta_element\":\"div\",\"meta_style\":\"text-meta\",\"panel_padding\":\"small\",\"panel_style\":\"card-default\",\"title_align\":\"top\",\"title_element\":\"h3\",\"title_grid_breakpoint\":\"m\",\"title_grid_width\":\"1-2\",\"title_hover_style\":\"reset\"}}]}]}],\"name\":\"Overview\"},{\"type\":\"section\",\"props\":{\"animation\":\"slide-bottom-medium\",\"animation_delay\":\"100\",\"header_transparent\":false,\"height\":\"section\",\"height_viewport\":100,\"id\":\"sectionMethod\",\"image_position\":\"bottom-center\",\"media_focal_point\":\"bottom-center\",\"style\":\"default\",\"title_breakpoint\":\"xl\",\"title_position\":\"top-left\",\"title_rotation\":\"left\",\"vertical_align\":\"\",\"width\":\"default\"},\"children\":[{\"type\":\"row\",\"children\":[{\"type\":\"column\",\"props\":{\"image_position\":\"center-center\",\"position_sticky_breakpoint\":\"m\"},\"children\":[{\"type\":\"headline\",\"props\":{\"animation\":\"slide-left-medium\",\"block_align_breakpoint\":\"l\",\"block_align_fallback\":\"center\",\"class\":\"th--page-headings\",\"content\":\"METODOLOG\\u00cdA\",\"id\":\"th--heading-methodology\",\"maxwidth\":\"medium\",\"maxwidth_breakpoint\":\"l\",\"title_color\":\"success\",\"title_element\":\"h1\",\"title_style\":\"heading-small\"}},{\"type\":\"divider\",\"props\":{\"class\":\"uk-invisible\",\"divider_element\":\"hr\"}}]}]},{\"type\":\"row\",\"props\":{\"alignment\":\"left\",\"width\":\"small\"},\"children\":[{\"type\":\"column\",\"props\":{\"image_position\":\"center-center\",\"position_sticky_breakpoint\":\"m\"},\"children\":[{\"type\":\"panel\",\"props\":{\"content\":\"\n\n<p>MINEtour aborda la necesidad imperativa de desarrollo rural centr\\u00e1ndose en dos aspectos clave: mejorar las habilidades digitales entre los j\\u00f3venes y promover pr\\u00e1cticas de turismo sostenible.<\\\/p>\\n\n\n<p>El consorcio del proyecto ha desarrollado un compendio de recursos y actividades de aprendizaje centrados en el compromiso c\\u00edvico y la alfabetizaci\\u00f3n digital entre los j\\u00f3venes. Utilizando herramientas como el Mapa Interactivo, los participantes son guiados en la promoci\\u00f3n del turismo local. La iniciativa integra estrat\\u00e9gicamente pr\\u00e1cticas de turismo sostenible utilizando el juego Minecraft, con el objetivo de impulsar el crecimiento econ\\u00f3mico y el desarrollo comunitario en \\u00e1reas rurales, al tiempo que mejora activamente las habilidades digitales en regiones con acceso limitado, contribuyendo as\\u00ed al bienestar social y econ\\u00f3mico de las comunidades rurales.<\\\/p>\",\"content_column_breakpoint\":\"m\",\"icon_width\":80,\"image_align\":\"top\",\"image_grid_breakpoint\":\"m\",\"image_grid_width\":\"1-2\",\"image_svg_color\":\"emphasis\",\"link_style\":\"default\",\"link_text\":\"Read more\",\"margin\":\"default\",\"meta_align\":\"below-title\",\"meta_element\":\"div\",\"meta_style\":\"text-meta\",\"panel_padding\":\"small\",\"panel_style\":\"card-default\",\"title_align\":\"top\",\"title_element\":\"h3\",\"title_grid_breakpoint\":\"m\",\"title_grid_width\":\"1-2\",\"title_hover_style\":\"reset\"}}]}]}],\"name\":\"Methodology\"},{\"type\":\"section\",\"props\":{\"animation\":\"slide-bottom-medium\",\"animation_delay\":\"100\",\"header_transparent\":false,\"height\":\"section\",\"height_offset_top\":false,\"height_viewport\":100,\"id\":\"sectionOutputs\",\"image_position\":\"bottom-center\",\"media_focal_point\":\"bottom-center\",\"style\":\"default\",\"title_breakpoint\":\"xl\",\"title_position\":\"top-left\",\"title_rotation\":\"left\",\"vertical_align\":\"\",\"width\":\"default\"},\"children\":[{\"type\":\"row\",\"children\":[{\"type\":\"column\",\"props\":{\"image_position\":\"center-center\",\"position_sticky_breakpoint\":\"m\"},\"children\":[{\"type\":\"headline\",\"props\":{\"animation\":\"slide-left-medium\",\"block_align_breakpoint\":\"l\",\"block_align_fallback\":\"center\",\"class\":\"th--page-headings\",\"content\":\"Resultados\",\"id\":\"th--heading-outputs\",\"maxwidth\":\"medium\",\"maxwidth_breakpoint\":\"l\",\"title_color\":\"success\",\"title_element\":\"h1\",\"title_style\":\"heading-small\"}},{\"type\":\"divider\",\"props\":{\"class\":\"uk-invisible\",\"divider_element\":\"hr\"}}]}]},{\"type\":\"row\",\"props\":{\"alignment\":\"left\",\"width\":\"small\"},\"children\":[{\"type\":\"column\",\"props\":{\"image_position\":\"center-center\",\"position_sticky_breakpoint\":\"m\"},\"children\":[{\"type\":\"panel\",\"props\":{\"content\":\"\n\n<p><span style=\\\"font-weight: 400;\\\"><strong>(1) Un conjunto de herramientas para j\\u00f3venes:<\\\/strong> un conjunto de materiales modulares destinados a motivar a los j\\u00f3venes a volverse activos aprendiendo c\\u00f3mo promocionar tur\\u00edsticamente sus ciudades de origen utilizando medios digitales.<\\\/span><\\\/p>\\n\n\n<p><span style=\\\"font-weight: 400;\\\"><strong>(2) Turismo a trav\\u00e9s de Minecraft Worlds:<\\\/strong> Un juego que promueve desaf\\u00edos sobre la diversidad cultural en zonas rurales para aumentar el sentido de respeto y responsabilidad.<\\\/span><\\\/p>\\n\n\n<p><span style=\\\"font-weight: 400;\\\"><strong>(3) MINEtour Interactive Map:<\\\/strong> una plataforma para que los j\\u00f3venes creen sus propios portafolios tur\\u00edsticos electr\\u00f3nicos promocionando su ciudad natal. hometown.<\\\/span><\\\/p>\",\"content_column_breakpoint\":\"m\",\"icon_width\":80,\"image_align\":\"top\",\"image_grid_breakpoint\":\"m\",\"image_grid_width\":\"1-2\",\"image_svg_color\":\"emphasis\",\"link_style\":\"default\",\"link_text\":\"Read more\",\"margin\":\"default\",\"meta_align\":\"below-title\",\"meta_element\":\"div\",\"meta_style\":\"text-meta\",\"panel_padding\":\"small\",\"panel_style\":\"card-default\",\"title_align\":\"top\",\"title_element\":\"h3\",\"title_grid_breakpoint\":\"m\",\"title_grid_width\":\"1-2\",\"title_hover_style\":\"reset\"}}]}]},{\"type\":\"row\",\"props\":{\"alignment\":\"left\",\"width\":\"small\"},\"children\":[{\"type\":\"column\",\"props\":{\"image_position\":\"center-center\",\"position_sticky_breakpoint\":\"m\"},\"children\":[{\"type\":\"headline\",\"props\":{\"content\":\"FINALIDAD Y OBJETIVOS\",\"title_element\":\"h3\",\"title_style\":\"h4\"}},{\"type\":\"panel\",\"props\":{\"content\":\"\n\n<ul>\\n\n\n<li><span style=\\\"font-weight: 400;\\\">Alentar a los j\\u00f3venes de las zonas rurales a participar en el desarrollo y promoci\\u00f3n del turismo local, convirti\\u00e9ndose en ciudadanos activos y orgullosos de sus propios lugares de origen.<\\\/span><\\\/li>\\n\n\n<li><span style=\\\"font-weight: 400;\\\">Dotarlos de herramientas digitales para una promoci\\u00f3n y un compromiso efectivos con la sociedad civil.<\\\/span><\\\/li>\\n\n\n<li><span style=\\\"font-weight: 400;\\\">Proporcionar los recursos y redes necesarios para mostrar las ciudades de origen y fomentar el turismo local.<\\\/span><\\\/li>\\n\n\n<li><span style=\\\"font-weight: 400;\\\">Promover el intercambio intercultural y la colaboraci\\u00f3n entre los j\\u00f3venes rurales de Europa.<\\\/span><\\\/li>\\n\n\n<li><span style=\\\"font-weight: 400;\\\">Crear conciencia sobre pr\\u00e1cticas tur\\u00edsticas sostenibles y socialmente responsables.<\\\/span><\\\/li>\\n<\\\/ul>\",\"content_column_breakpoint\":\"m\",\"icon_width\":80,\"image_align\":\"top\",\"image_grid_breakpoint\":\"m\",\"image_grid_width\":\"1-2\",\"image_svg_color\":\"emphasis\",\"link_style\":\"default\",\"link_text\":\"Read more\",\"margin\":\"default\",\"meta_align\":\"below-title\",\"meta_element\":\"div\",\"meta_style\":\"text-meta\",\"panel_padding\":\"small\",\"panel_style\":\"card-default\",\"title_align\":\"top\",\"title_element\":\"h3\",\"title_grid_breakpoint\":\"m\",\"title_grid_width\":\"1-2\",\"title_hover_style\":\"reset\"}}]}]}],\"name\":\"Outputs\"}],\"version\":\"4.3.6\"} --><\/p>\n","protected":false},"excerpt":{"rendered":"<p>ACERCA DE La tasa general de participaci\u00f3n juvenil en actividades de voluntariado en toda la Uni\u00f3n Europea es s\u00f3lo del 16,8%, con tasas m\u00e1s bajas..<\/p>\n","protected":false},"author":1,"featured_media":0,"parent":0,"menu_order":0,"comment_status":"closed","ping_status":"closed","template":"","meta":{"_acf_changed":false,"inline_featured_image":false,"footnotes":""},"class_list":["post-462","page","type-page","status-publish","hentry"],"acf":[],"_links":{"self":[{"href":"https:\/\/minetour.eu\/es\/wp-json\/wp\/v2\/pages\/462","targetHints":{"allow":["GET"]}}],"collection":[{"href":"https:\/\/minetour.eu\/es\/wp-json\/wp\/v2\/pages"}],"about":[{"href":"https:\/\/minetour.eu\/es\/wp-json\/wp\/v2\/types\/page"}],"author":[{"embeddable":true,"href":"https:\/\/minetour.eu\/es\/wp-json\/wp\/v2\/users\/1"}],"replies":[{"embeddable":true,"href":"https:\/\/minetour.eu\/es\/wp-json\/wp\/v2\/comments?post=462"}],"version-history":[{"count":8,"href":"https:\/\/minetour.eu\/es\/wp-json\/wp\/v2\/pages\/462\/revisions"}],"predecessor-version":[{"id":920,"href":"https:\/\/minetour.eu\/es\/wp-json\/wp\/v2\/pages\/462\/revisions\/920"}],"wp:attachment":[{"href":"https:\/\/minetour.eu\/es\/wp-json\/wp\/v2\/media?parent=462"}],"curies":[{"name":"wp","href":"https:\/\/api.w.org\/{rel}","templated":true}]}}