{"id":458,"date":"2024-03-08T12:29:34","date_gmt":"2024-03-08T10:29:34","guid":{"rendered":"https:\/\/minetour.eu\/home\/"},"modified":"2024-04-30T11:43:52","modified_gmt":"2024-04-30T09:43:52","slug":"home","status":"publish","type":"page","link":"https:\/\/minetour.eu\/es\/","title":{"rendered":"Inicio"},"content":{"rendered":"<div>\n<div class=\"DDloading-container\">\n<div class=\"background-image\">\n    \t<progress class=\"uk-progress loading-progress\" value=\"0\" max=\"100\"><\/progress>\n    <\/div>\n<\/div>\n<\/div>\n<div>\n<h2>Acerca de<\/h2>\n<div>El objetivo de MINEtour es capacitar a los j\u00f3venes de zonas rurales para que se conviertan en ciudadanos activos e interact\u00faen con las sociedades c\u00edvicas mientras promueven el turismo local en sus ciudades de origen y salvaguardan su patrimonio cultural mediante el uso de medios digitales.<\/div>\n<p><a href=\"\/es\/about#sectionOverview\">Leer m\u00e1s<\/a><\/p>\n<\/div>\n<div>\n<h2>Metodolog\u00eda<\/h2>\n<div>\n<p>MINEtour aborda la necesidad imperativa de desarrollo rural centr\u00e1ndose en dos aspectos clave: mejorar las habilidades digitales entre los j\u00f3venes y promover pr\u00e1cticas de turismo sostenible.<\/p>\n<\/div>\n<p><a href=\"\/es\/about#sectionMethod\">Leer m\u00e1s<\/a><\/p>\n<\/div>\n<div>\n<h2>Resultados<\/h2>\n<div>\n<ul>\n<li><span style=\"font-weight: 400;\">1.\tUn conjunto de herramientas para j\u00f3venes<\/span><\/li>\n<li>2.\tTurismo a trav\u00e9s de Minecraft Worlds<\/li>\n<li>3.\tMINEtour Interactive Map<\/li>\n<\/ul>\n<\/div>\n<p><a href=\"\/es\/about#sectionOutputs\">Leer m\u00e1s<\/a><\/p>\n<\/div>\n<div>\n<h2>Socios<\/h2>\n<div>\n<p>Universidad de Chipre (Chipre)<\/p>\n<p>LEARNING SEED (Grecia)<\/p>\n<p>CARDET<\/p>\n<p>ATERMON<\/p>\n<p>Asociacion CON VALORES<\/p>\n<p>INCDT<\/p>\n<\/div>\n<p><a href=\"\/es\/partners\">Leer m\u00e1s<\/a><\/p>\n<\/div>\n<p><!--more--><br \/>\n<!-- {\"type\":\"layout\",\"children\":[{\"type\":\"section\",\"props\":{\"class\":\"loading-container\",\"height_viewport\":100,\"image_position\":\"center-center\",\"style\":\"default\",\"title_breakpoint\":\"xl\",\"title_position\":\"top-left\",\"title_rotation\":\"left\",\"vertical_align\":\"middle\",\"width\":\"default\"},\"children\":[{\"type\":\"row\",\"children\":[{\"type\":\"column\",\"props\":{\"image_position\":\"center-center\",\"position_sticky_breakpoint\":\"m\"},\"children\":[{\"type\":\"html\",\"props\":{\"content\":\"\n\n<div class=\\\"DDloading-container\\\">\\n    <img src=\\\"https:\\\/\\\/minetour.eu\\\/wp-content\\\/uploads\\\/2024\\\/03\\\/MINETOUR__loading.jpg\\\" class=\\\"background-image\\\"\\\/>\\n    <progress class=\\\"uk-progress loading-progress\\\" value=\\\"0\\\" max=\\\"100\\\"><\\\/progress>\\n<\\\/div>\",\"status\":\"disabled\"}},{\"type\":\"html\",\"props\":{\"content\":\"\n\n<div class=\\\"DDloading-container\\\">\\n    \n\n<div class=\\\"background-image\\\">\\n    \\t<progress class=\\\"uk-progress loading-progress\\\" value=\\\"0\\\" max=\\\"100\\\"><\\\/progress>\\n    <\\\/div>\\n<\\\/div>\"}}]}],\"props\":{\"width\":\"xsmall\"}}],\"name\":\"loading scene\"},{\"name\":\"Overview\",\"type\":\"section\",\"props\":{\"animation\":\"fade\",\"animation_delay\":\"800\",\"header_transparent\":false,\"height\":\"section\",\"height_offset_top\":false,\"height_viewport\":60,\"image_effect\":\"parallax\",\"image_parallax_bgy\":\"-150 150%,0 0%\",\"image_position\":\"bottom-center\",\"image_size\":\"width-1-1\",\"media_focal_point\":\"bottom-center\",\"padding\":\"large\",\"style\":\"default\",\"title_breakpoint\":\"xl\",\"title_position\":\"top-left\",\"title_rotation\":\"left\",\"vertical_align\":\"\",\"width\":\"default\"},\"children\":[{\"type\":\"row\",\"props\":{\"css\":\".el-row {\\n    height: 100vh;\\n}\",\"width\":\"small\"},\"children\":[{\"type\":\"column\",\"props\":{\"image_position\":\"center-center\",\"position_sticky\":\"section\",\"position_sticky_breakpoint\":\"\",\"position_sticky_offset\":\"200px\"},\"children\":[{\"type\":\"panel\",\"props\":{\"animation\":\"parallax\",\"block_align_breakpoint\":\"m\",\"block_align_fallback\":\"center\",\"class\":\"th--custom-panels\",\"content\":\"El objetivo de MINEtour es capacitar a los j\\u00f3venes de zonas rurales para que se conviertan en ciudadanos activos e interact\\u00faen con las sociedades c\\u00edvicas mientras promueven el turismo local en sus ciudades de origen y salvaguardan su patrimonio cultural mediante el uso de medios digitales.\",\"content_column_breakpoint\":\"m\",\"content_margin\":\"remove\",\"icon_width\":80,\"id\":\"th--panel-overview\",\"image_align\":\"top\",\"image_grid_breakpoint\":\"m\",\"image_grid_width\":\"1-2\",\"image_svg_color\":\"emphasis\",\"link\":\"es\\\/about#sectionOverview\",\"link_margin\":\"medium\",\"link_style\":\"secondary\",\"link_target\":false,\"link_text\":\"Leer m\\u00e1s\",\"margin\":\"default\",\"maxwidth\":\"large\",\"maxwidth_breakpoint\":\"m\",\"meta\":\"\",\"meta_align\":\"above-title\",\"meta_color\":\"primary\",\"meta_element\":\"div\",\"meta_style\":\"h6\",\"panel_padding\":\"default\",\"panel_style\":\"card-default\",\"parallax_easing\":\"-1\",\"parallax_transform_origin\":\"top-center\",\"parallax_y\":\"0 0%,400 800%\",\"text_align\":\"left\",\"title\":\"Acerca de\",\"title_align\":\"top\",\"title_color\":\"success\",\"title_element\":\"h2\",\"title_grid_breakpoint\":\"m\",\"title_grid_width\":\"1-2\",\"title_hover_style\":\"reset\",\"title_margin\":\"remove\",\"title_style\":\"heading-small\"}}]}]}]},{\"name\":\"Methodology\",\"type\":\"section\",\"props\":{\"animation\":\"fade\",\"animation_delay\":\"400\",\"header_transparent\":false,\"height\":\"section\",\"image_effect\":\"parallax\",\"image_parallax_bgy\":\"-150 150%,0 0%\",\"image_position\":\"bottom-center\",\"image_size\":\"width-1-1\",\"media_focal_point\":\"bottom-center\",\"padding\":\"large\",\"padding_remove_bottom\":true,\"style\":\"default\",\"title_breakpoint\":\"xl\",\"title_position\":\"top-left\",\"title_rotation\":\"left\",\"vertical_align\":\"\",\"width\":\"default\"},\"children\":[{\"type\":\"row\",\"props\":{\"css\":\".el-row {\\n    height: 100vh;\\n}\",\"width\":\"small\"},\"children\":[{\"type\":\"column\",\"props\":{\"image_position\":\"center-center\",\"position_sticky\":\"section\",\"position_sticky_breakpoint\":\"\",\"position_sticky_offset\":\"200px\"},\"children\":[{\"type\":\"panel\",\"props\":{\"animation\":\"parallax\",\"block_align\":\"right\",\"block_align_breakpoint\":\"m\",\"block_align_fallback\":\"center\",\"class\":\"th--custom-panels\",\"content\":\"\n\n<p>MINEtour aborda la necesidad imperativa de desarrollo rural centr\\u00e1ndose en dos aspectos clave: mejorar las habilidades digitales entre los j\\u00f3venes y promover pr\\u00e1cticas de turismo sostenible.<\\\/p>\",\"content_column_breakpoint\":\"m\",\"content_margin\":\"remove\",\"icon_width\":80,\"id\":\"th--panel-method\",\"image_align\":\"top\",\"image_grid_breakpoint\":\"m\",\"image_grid_width\":\"1-2\",\"image_svg_color\":\"emphasis\",\"link\":\"es\\\/about#sectionMethod\",\"link_margin\":\"medium\",\"link_style\":\"secondary\",\"link_target\":false,\"link_text\":\"Leer m\\u00e1s\",\"margin\":\"default\",\"maxwidth\":\"large\",\"maxwidth_breakpoint\":\"m\",\"meta\":\"\",\"meta_align\":\"above-title\",\"meta_color\":\"primary\",\"meta_element\":\"div\",\"meta_style\":\"h6\",\"panel_padding\":\"default\",\"panel_style\":\"card-default\",\"parallax_easing\":\"-1\",\"parallax_transform_origin\":\"top-center\",\"parallax_y\":\"0 0%,400 800%\",\"text_align\":\"left\",\"title\":\"Metodolog\\u00eda\",\"title_align\":\"top\",\"title_color\":\"success\",\"title_element\":\"h2\",\"title_grid_breakpoint\":\"m\",\"title_grid_width\":\"1-2\",\"title_hover_style\":\"reset\",\"title_margin\":\"remove\",\"title_style\":\"heading-small\"}}]}]}]},{\"name\":\"outputs\",\"type\":\"section\",\"props\":{\"animation\":\"fade\",\"animation_delay\":\"400\",\"header_transparent\":false,\"height\":\"section\",\"height_offset_top\":false,\"height_viewport\":60,\"image_effect\":\"parallax\",\"image_parallax_bgy\":\"-150 150%,0 0%\",\"image_position\":\"bottom-center\",\"image_size\":\"width-1-1\",\"media_focal_point\":\"bottom-center\",\"padding\":\"large\",\"style\":\"default\",\"title_breakpoint\":\"xl\",\"title_position\":\"top-left\",\"title_rotation\":\"left\",\"vertical_align\":\"\",\"width\":\"default\"},\"children\":[{\"type\":\"row\",\"props\":{\"css\":\".el-row {\\n    height: 100vh;\\n}\",\"width\":\"small\"},\"children\":[{\"type\":\"column\",\"props\":{\"image_position\":\"center-center\",\"position_sticky\":\"section\",\"position_sticky_breakpoint\":\"\",\"position_sticky_offset\":\"200px\"},\"children\":[{\"type\":\"panel\",\"props\":{\"animation\":\"parallax\",\"block_align_breakpoint\":\"m\",\"block_align_fallback\":\"center\",\"class\":\"th--custom-panels\",\"content\":\"\n\n<ul>\\n\n\n<li><span style=\\\"font-weight: 400;\\\">1.\\tUn conjunto de herramientas para j\\u00f3venes<\\\/span><\\\/li>\\n\n\n<li>2.\\tTurismo a trav\\u00e9s de Minecraft Worlds<\\\/li>\\n\n\n<li>3.\\tMINEtour Interactive Map<\\\/li>\\n<\\\/ul>\",\"content_column_breakpoint\":\"m\",\"content_margin\":\"remove\",\"icon_width\":80,\"id\":\"th--panel-outputs\",\"image_align\":\"top\",\"image_grid_breakpoint\":\"m\",\"image_grid_width\":\"1-2\",\"image_svg_color\":\"emphasis\",\"link\":\"es\\\/about#sectionOutputs\",\"link_margin\":\"medium\",\"link_style\":\"secondary\",\"link_target\":false,\"link_text\":\"Leer m\\u00e1s\",\"margin\":\"default\",\"maxwidth\":\"large\",\"maxwidth_breakpoint\":\"m\",\"meta\":\"\",\"meta_align\":\"above-title\",\"meta_color\":\"primary\",\"meta_element\":\"div\",\"meta_style\":\"h6\",\"panel_padding\":\"default\",\"panel_style\":\"card-default\",\"parallax_easing\":\"-1\",\"parallax_transform_origin\":\"top-center\",\"parallax_y\":\"0 0%,400 800%\",\"text_align\":\"left\",\"title\":\"Resultados\",\"title_align\":\"top\",\"title_color\":\"success\",\"title_element\":\"h2\",\"title_grid_breakpoint\":\"m\",\"title_grid_width\":\"1-2\",\"title_hover_style\":\"reset\",\"title_margin\":\"remove\",\"title_style\":\"heading-small\"}}]}]}]},{\"name\":\"Partners\",\"type\":\"section\",\"props\":{\"animation\":\"fade\",\"animation_delay\":\"400\",\"header_transparent\":false,\"height\":\"section\",\"height_offset_top\":false,\"height_viewport\":60,\"image_effect\":\"parallax\",\"image_parallax_bgy\":\"-150 150%,0 0%\",\"image_position\":\"bottom-center\",\"image_size\":\"contain\",\"media_focal_point\":\"bottom-center\",\"padding\":\"large\",\"padding_remove_bottom\":true,\"style\":\"default\",\"title_breakpoint\":\"xl\",\"title_position\":\"top-left\",\"title_rotation\":\"left\",\"vertical_align\":\"\",\"width\":\"default\"},\"children\":[{\"type\":\"row\",\"props\":{\"css\":\".el-row {\\n    height: 100vh;\\n}\",\"width\":\"small\"},\"children\":[{\"type\":\"column\",\"props\":{\"image_position\":\"center-center\",\"position_sticky\":\"section\",\"position_sticky_breakpoint\":\"\",\"position_sticky_offset\":\"200px\"},\"children\":[{\"type\":\"panel\",\"props\":{\"animation\":\"parallax\",\"block_align\":\"right\",\"block_align_breakpoint\":\"m\",\"block_align_fallback\":\"center\",\"class\":\"th--custom-panels\",\"content\":\"\n\n<p>Universidad de Chipre (Chipre)<\\\/p>\\n\n\n<p>LEARNING SEED (Grecia)<\\\/p>\\n\n\n<p>CARDET<\\\/p>\\n\n\n<p>ATERMON<\\\/p>\\n\n\n<p>Asociacion CON VALORES<\\\/p>\\n\n\n<p>INCDT<\\\/p>\",\"content_column_breakpoint\":\"m\",\"content_margin\":\"remove\",\"icon\":\"\",\"icon_width\":80,\"id\":\"th--panel-partners\",\"image_align\":\"top\",\"image_grid_breakpoint\":\"m\",\"image_grid_width\":\"1-2\",\"image_svg_color\":\"emphasis\",\"link\":\"es\\\/partners\",\"link_margin\":\"medium\",\"link_style\":\"secondary\",\"link_target\":false,\"link_text\":\"Leer m\\u00e1s\",\"margin\":\"default\",\"maxwidth\":\"large\",\"maxwidth_breakpoint\":\"m\",\"meta\":\"\",\"meta_align\":\"above-title\",\"meta_color\":\"primary\",\"meta_element\":\"div\",\"meta_style\":\"h6\",\"panel_padding\":\"default\",\"panel_style\":\"card-default\",\"parallax_easing\":\"-1\",\"parallax_transform_origin\":\"top-center\",\"parallax_y\":\"0 0%,400 800%\",\"text_align\":\"left\",\"title\":\"Socios\",\"title_align\":\"top\",\"title_color\":\"success\",\"title_element\":\"h2\",\"title_grid_breakpoint\":\"m\",\"title_grid_width\":\"1-2\",\"title_hover_style\":\"reset\",\"title_margin\":\"remove\",\"title_style\":\"heading-small\"}}]}]}]},{\"type\":\"section\",\"props\":{\"height\":\"pixels\",\"height_viewport\":500,\"image\":\"wp-content\\\/uploads\\\/2024\\\/03\\\/bottom-bg-19.svg\",\"image_loading\":true,\"image_position\":\"bottom-center\",\"image_size\":\"height-1-1\",\"image_width\":100,\"padding_remove_bottom\":true,\"padding_remove_top\":true,\"style\":\"default\",\"title_breakpoint\":\"xl\",\"title_position\":\"top-left\",\"title_rotation\":\"left\",\"vertical_align\":\"bottom\",\"width\":\"\"},\"children\":[{\"type\":\"row\",\"children\":[{\"type\":\"column\",\"props\":{\"image_position\":\"center-center\",\"position_sticky_breakpoint\":\"m\"}}]}],\"name\":\"Bottom image\"}],\"version\":\"4.3.6\"} --><\/p>\n","protected":false},"excerpt":{"rendered":"<p>Acerca de El objetivo de MINEtour es capacitar a los j\u00f3venes de zonas rurales para que se conviertan en ciudadanos activos e interact\u00faen con las..<\/p>\n","protected":false},"author":1,"featured_media":0,"parent":0,"menu_order":0,"comment_status":"closed","ping_status":"closed","template":"","meta":{"_acf_changed":false,"inline_featured_image":false,"footnotes":""},"class_list":["post-458","page","type-page","status-publish","hentry"],"acf":[],"_links":{"self":[{"href":"https:\/\/minetour.eu\/es\/wp-json\/wp\/v2\/pages\/458","targetHints":{"allow":["GET"]}}],"collection":[{"href":"https:\/\/minetour.eu\/es\/wp-json\/wp\/v2\/pages"}],"about":[{"href":"https:\/\/minetour.eu\/es\/wp-json\/wp\/v2\/types\/page"}],"author":[{"embeddable":true,"href":"https:\/\/minetour.eu\/es\/wp-json\/wp\/v2\/users\/1"}],"replies":[{"embeddable":true,"href":"https:\/\/minetour.eu\/es\/wp-json\/wp\/v2\/comments?post=458"}],"version-history":[{"count":9,"href":"https:\/\/minetour.eu\/es\/wp-json\/wp\/v2\/pages\/458\/revisions"}],"predecessor-version":[{"id":515,"href":"https:\/\/minetour.eu\/es\/wp-json\/wp\/v2\/pages\/458\/revisions\/515"}],"wp:attachment":[{"href":"https:\/\/minetour.eu\/es\/wp-json\/wp\/v2\/media?parent=458"}],"curies":[{"name":"wp","href":"https:\/\/api.w.org\/{rel}","templated":true}]}}